{"id":2007,"date":"2025-08-11T09:49:26","date_gmt":"2025-08-11T07:49:26","guid":{"rendered":"https:\/\/enginyeriainformatica.cat\/dones-coeinf\/?page_id=2007"},"modified":"2025-09-05T09:20:59","modified_gmt":"2025-09-05T07:20:59","slug":"10-suggeriments-facils-de-donescoeinf-cami-de-lequitat-adhereix-te","status":"publish","type":"page","link":"https:\/\/enginyeriainformatica.cat\/dones-coeinf\/10-suggeriments-facils-de-donescoeinf-cami-de-lequitat-adhereix-te\/","title":{"rendered":"10 suggeriments f\u00e0cils de donesCOEINF: cam\u00ed de l&#8217;equitat. Adhereix-te!"},"content":{"rendered":"\n<hr class=\"wp-block-separator has-alpha-channel-opacity\"\/>\n\n\n\n<h3 class=\"wp-block-heading has-ast-global-color-0-color has-text-color has-link-color wp-elements-48826af8a5f1c002e8b424cb268bdec3\">The 10 recommendations of donesCOEINF: towards the equity. Support it!<\/h3>\n\n\n\n<hr class=\"wp-block-separator has-alpha-channel-opacity\"\/>\n\n\n\n<figure class=\"wp-block-image\"><img decoding=\"async\" src=\"https:\/\/enginyeriainformatica.cat\/wp-content\/uploads\/2020\/03\/Banner.png\" alt=\"Banner\" class=\"wp-image-31711\" title=\"10 suggeriments f\u00e0cils de donesCOEINF: cam\u00ed de l&#039;equitat. Adhereix-te!\"><\/figure>\n\n\n\n<p><a href=\"https:\/\/enginyeriainformatica.cat\/?page_id=25696\"><strong>donesCOEINF<\/strong><\/a> proposa 10 suggeriments d\u2019aplicaci\u00f3 immediata per contribuir a la reducci\u00f3 de l\u2019escletxa de g\u00e8nere.<\/p>\n\n\n\n<p class=\"has-text-align-center has-link-color wp-elements-4c2ac749eabaae871773cabce3e42326\"><strong><a href=\"#formulari_adhesio_personal\">Pots adherir-t\u2019hi com a persona al final de la p\u00e0gina (<span style=\"text-decoration: underline;\">clica aqu\u00ed<\/span>)<\/a>.<\/strong><\/p>\n\n\n\n<p class=\"has-text-align-center has-link-color wp-elements-f1c9519d78069c76e190f3dc6bf4a03c\"><strong><a href=\"#formulari_adhesio_entitat\">Pots adherir-hi a una entitat al final de la p\u00e0gina (<span style=\"text-decoration: underline;\">clica aqu\u00ed<\/span>)<\/a>.<\/strong><\/p>\n\n\n\n<p>Imprimiu-la i poseu-la en lloc visible si hi esteu d\u2019acord.<\/p>\n\n\n\n<h4 class=\"wp-block-heading has-link-color wp-elements-84767800ba2da1714faf82a3e7bed6bc\"><em>Find the English Version <a href=\"https:\/\/enginyeriainformatica.cat\/wp-content\/uploads\/2020\/04\/Recommendations.pdf\"><span style=\"text-decoration: underline;\">here<\/span><\/a>.<\/em><\/h4>\n\n\n\n<h6 class=\"wp-block-heading has-link-color wp-elements-b914c65ad724d4ab5cb0521899ae5144\"><em>Support it individually (by clicking <\/em><strong><a href=\"#formulari_adhesio_personal\"><em><span style=\"text-decoration: underline;\">here<\/span><\/em><\/a><em>)<\/em><\/strong><em> or corporatively (by clicking <strong><a href=\"#formulari_adhesio_entitat\"><span style=\"text-decoration: underline;\">here<\/span><\/a><\/strong>)<\/em><\/h6>\n\n\n\n<figure class=\"wp-block-image\"><a href=\"https:\/\/enginyeriainformatica.cat\/wp-content\/uploads\/2020\/03\/suggeriments2-page-001-2-scaled.jpg\"><img decoding=\"async\" src=\"https:\/\/enginyeriainformatica.cat\/wp-content\/uploads\/2020\/03\/suggeriments2-page-001-2-scaled.jpg\" alt=\"Suggeriments2 Page 001 2 Scaled\" class=\"wp-image-31700\" title=\"10 suggeriments f\u00e0cils de donesCOEINF: cam\u00ed de l&#039;equitat. Adhereix-te!\"><\/a><\/figure>\n\n\n\n<p class=\"has-text-align-left has-link-color wp-elements-3436443d2e7bddd22cf7a960cabc2616\">Pots baixar-te la versi\u00f3 <strong>pdf<\/strong> aqu\u00ed:<br><a href=\"https:\/\/enginyeriainformatica.cat\/wp-content\/uploads\/2020\/03\/suggeriments2.pdf\"><span style=\"text-decoration: underline;\">10 suggeriments f\u00e0cils de donesCOEINF per l\u2019equitat (pdf)<\/span><\/a><\/p>\n\n\n\n<h3 class=\"wp-block-heading has-text-align-center has-link-color wp-elements-0c7317006bd46c26f9ecca862b938ceb\"><strong><a href=\"https:\/\/enginyeriainformatica.cat\/dones-coeinf\/10-suggeriments-facils-de-donescoeinf-per-lequitat\/\">ADHEREIX-TE INDIVIDUALMENT <span style=\"text-decoration: underline;\">(clica aqu\u00ed)<\/span><\/a><\/strong><\/h3>\n\n\n\n<h3 class=\"wp-block-heading has-text-align-center has-link-color wp-elements-16c8ac552da318262e4736b7a3e53b31\"><strong><a href=\"https:\/\/enginyeriainformatica.cat\/dones-coeinf\/10-suggeriments-facils-de-donescoeinf-per-lequitat\/\">ADHEREIX LA TEVA INSTITUCI\u00d3 <span style=\"text-decoration: underline;\">(clica aqu\u00ed)<\/span><\/a><\/strong><\/h3>\n\n\n\n<p><em><strong>Nota:<\/strong> Les adhesions poden ser p\u00fabliques o nom\u00e9s comptar sense ser p\u00fabliques<\/em>.<\/p>\n\n\n\n<h2 class=\"wp-block-heading\">Comptem adhesions als &#8220;10 suggeriments de donesCOEINF&#8221;:<\/h2>\n\n\n\n<ul class=\"wp-block-list\">\n<li>Actualment hi ha <strong>85 <\/strong>persones adherides i <strong>23<\/strong> entitats adherides.<\/li>\n\n\n\n<li>Actualment hi ha <strong>35<\/strong> homes adherits,\u00a0 <strong>49<\/strong> dones adherides i <strong>1<\/strong> altres adherits.<\/li>\n<\/ul>\n\n\n\n<p><em>\u00daltima actualitzaci\u00f3 9 de juliol de 2020 a les 19:34h<\/em><\/p>\n\n\n\n<p><strong>NOTA<\/strong>: els comptadors s&#8217;actualitzen peri\u00f2dicament, despr\u00e8s de revisar la correcci\u00f3 de les dades de les adhesions per part del COEINF.<\/p>\n\n\n\n<h3 class=\"wp-block-heading\">Alguns comentaris rebuts fins al moment<\/h3>\n\n\n\n<p><em>&#8220;Algunes de les idees ja les tenia en compte. Ara aplicar\u00e9 les 10 !&#8221;<\/em><\/p>\n\n\n\n<p><em>&#8220;Em comprometo a tenir en compte i a interioritzar la vostra proposta . Les persones que podem influenciar ho hem de tenir present, moralment estem obligades. Alguns cops costa per\u00f2 amb esfor\u00e7 s\u2019aconsegueix.&#8221;<\/em><\/p>\n\n\n\n<p><em>&#8220;Bona feina. Les persones valen independentment del seu g\u00e8nere. Cal visibilitzar el talent.&#8221;<\/em><\/p>\n\n\n\n<p><em>&#8220;Que prudents! Haur\u00edeu de demanar el 40\/60. Una dona \u00e9s poc!&#8221;<\/em><\/p>\n\n\n\n<p><em>&#8220;Encara estem aix\u00ed. No hauria de fer falta recordar aquestes coses, haurien de passar soles&#8221;<\/em><\/p>\n\n\n\n<p><em>&#8220;Dels punts que proposeu m&#8217;he trobat amb almenys 9 d&#8217;ells. Molt bona proposta&#8221;<\/em><\/p>\n\n\n\n<p><em>&#8220;Brutal! \u00e9s fant\u00e0stica, clara! Felicitats! Es pot portar a les empreses?&#8221;<\/em><\/p>\n\n\n\n<p><em>&#8220;Les persones que podem influenciar ho hem de tenir present moralment estem obligades. Alguns cops costa per\u00f2 amb esfor\u00e7 s\u2019aconsegueix<\/em><em>&#8220;<\/em><\/p>\n\n\n\n<figure class=\"wp-block-image aligncenter\"><img decoding=\"async\" src=\"https:\/\/enginyeriainformatica.cat\/wp-content\/uploads\/2019\/12\/logo-donaCOEINF-base-Comissi\u00f3-de-g\u00e8nere-donesCOEINF-300x231.png\" alt=\"Logo DonaCOEINF Base Comissi\u00f3 De G\u00e8nere DonesCOEINF 300x231\" class=\"wp-image-30599\" title=\"10 suggeriments f\u00e0cils de donesCOEINF: cam\u00ed de l&#039;equitat. Adhereix-te!\"><\/figure>\n\n\n\n<h2 class=\"wp-block-heading\">Entitats adherides<\/h2>\n\n\n\n<p class=\"has-link-color wp-elements-7ce5d2f08eec77621f2f3a434a6b525a\">Associaci\u00f3 50a50<br>ACEINF &#8211; Associaci\u00f3 Catalana d\u2019Enginyeria en Inform\u00e0tica<br>Associaci\u00f3 Catalana d&#8217;Enginyers de Telecomunicaci\u00f3 (Telecos.cat)<br>Associaci\u00f3 de Professionals TIC de Catalunya<br>Associaci\u00f3 SheLeader<br>ATICjobs<br>CO3 project<br>COEINF &#8211; Col\u00b7legi Oficial d&#8217;Enginyeria en Inform\u00e0tica de Catalunya<br>Col.legi d\u2019enginyers graduats i enginyers t\u00e8cnics industrials de Barcelona &#8211; Comissi\u00f3 d\u2019Igualtat<br>Comissi\u00f3 de Dones i Igualtat de la Intercol\u00b7legial<br>Cube Technology<br>DMS3 m\u00e0rqueting digital i terrestre<br>DonesIAcat (secci\u00f3 de g\u00e8nere de l ACIA)<br>Escola Emprenedors<br>FibAlumni<br>INEPP Instituto de Emprendedur\u00eda Psicolog\u00eda y Pedagog\u00eda<br>InMovement!<br>Intitut d&#8217;Investigaci\u00f3 en Intel\u00b7lig\u00e8ncia Artificial (CSIC)<br>M\u00c1TICA PARTNERS SL<br>myHEALTH WATCHER<br>Nutrici\u00f3 Sense Fronteres<br>ODEE, OBSERVATORI DONA EMPRESA ECONOMIA<br>Tesem SL<\/p>\n\n\n\n<h2 class=\"wp-block-heading\">Persones amb adhesi\u00f3 p\u00fablica<\/h2>\n\n\n\n<p>Agell Jan\u00e9, N\u00faria<br>Aguilo Pons, Issbel<br>Alos Moner, Adela<br>Amell Amell, Guiomar Amell Amell<br>Angerri Torredeflot, Xavier<br>Angulo Bah\u00f3n, Cecilio<br>Arias Conejo, Rita<br>Baeza-Yates, Ricardo<br>Boch, N\u00faria<br>Boix Planes, Miquel<br>Boloix, Elisabeth<br>Boloix i Ripoll, Elisabeth<br>Bonet Papell, Montserrat<br>Botella L\u00f3pez, Pere<br>Carbonell Paret, Margarita<br>Casals Gelp\u00ed, Al\u00edcia<br>Casamort Ayats, Jaume<br>Castell Ari\u00f1o, N\u00faria<br>Catal\u00e0 i Roig, Neus<br>Cerrillo, Benito<br>Colillas P\u00e9rez, Maria del Mar<br>Colomer Torrent, Ada<br>Contreras Espinosa, Ruth<br>Cort\u00e9s, Ulises<br>Cort\u00e9s, Ulises<br>Cort\u00e9s Mart\u00ednez, Atia<br>Duch Gavald\u00e0, Jordi<br>Fabregat Prat, Marc<br>Falomir Llansola, Zoe<br>Fargas Ribas, Gemma<br>Ferrer Balas, Didac<br>Franch Espuny, Paula<br>Freixanet Casas, Josep Ramon<br>Garc\u00eda Famoso, Montse<br>Gibert, karina<br>Gil, Joan<br>Gonz\u00e1lez, Ricardo Gonz\u00e1lez<br>Grau Rahola, Gloria<br>Hernandez Potiomkin, Yaroslav<br>Hernans\u00e1ez Gibert, Josi<br>Hervada i Sala, Eul\u00e0lia<br>Hostau, Josep<br>Iparraguirre, Jordi<br>L\u00f3pez de M\u00e1ntaras Badia, Ramon<br>L\u00f3pez S\u00e1nchez, Maite<br>Mart\u00ed Santiago, Rosa Mar\u00eda<br>Martin Lineros, Eduard<br>Mart\u00ednez C\u00e1mara, Alicia<br>Masias, Jordi<br>Maza, S\u00f2nia<br>Mercade Ferrando, Anna<br>Mill\u00e1n Marco, Pere<br>Moreno Mart\u00ednez, Marlen<br>Moreno Ribas, Antonio<br>Morros Rubi\u00f3, Josep Ramon<br>Mu\u00f1oz Santamar\u00eda, Lourdes<br>Nafria Riera, Gemma<br>Navarro Perez, Jordi<br>Ordoyo Gimeno, Isabel<br>Pastor Redondo, Maria Cinta<br>Peir\u00f3, Karma<br>Perez Andreu, Conxi<br>Pineda Teixid\u00f3, Carme<br>Prado Garc\u00eda, Susana<br>Queralt, Marc<br>Rodenas Pico, David<br>Rovira Boix, Marina<br>Santos Benito, Miguel Angel<br>Serra Majem, Lluis<br>Serra Majem, Marc<br>Serra Majem, Marta<br>Serra Majem, Rosa<br>Serra Majem, Tere<br>Serrano Blanco, Toni<br>solanas sanchez, judit<br>Valls Mateu, Aida<br>Vazquez, Alicia<br>V\u00e1zquez Salceda, Javier<br>Vila d\u2019Abadal, Mari\u00e0<br>Virgili Gom\u00e0, Jordi<\/p>\n\n\n\n<figure class=\"wp-block-image\"><img decoding=\"async\" src=\"https:\/\/enginyeriainformatica.cat\/wp-content\/uploads\/2020\/03\/Logo-comissio-donesCOEINF-COEINF-TIC-V1-1200x241-1-1024x206.jpg\" alt=\"Logo Comissio DonesCOEINF COEINF TIC V1 1200x241 1 1024x206\" class=\"wp-image-31654\" title=\"10 suggeriments f\u00e0cils de donesCOEINF: cam\u00ed de l&#039;equitat. Adhereix-te!\"><\/figure>\n\n\n\n<p id=\"formulari_adhesio_personal\"><\/p>\n\n\n\n<p><\/p>\n","protected":false},"excerpt":{"rendered":"<p>The 10 recommendations of donesCOEINF: towards the equity. Support it! donesCOEINF proposa 10 suggeriments d\u2019aplicaci\u00f3 immediata per contribuir a la reducci\u00f3 de l\u2019escletxa de g\u00e8nere. Pots adherir-t\u2019hi com a persona al final de la p\u00e0gina (clica aqu\u00ed). Pots adherir-hi a una entitat al final de la p\u00e0gina (clica aqu\u00ed). Imprimiu-la i poseu-la en lloc visible [&hellip;]<\/p>\n","protected":false},"author":1,"featured_media":0,"parent":0,"menu_order":0,"comment_status":"closed","ping_status":"closed","template":"","meta":{"_uag_custom_page_level_css":"","site-sidebar-layout":"default","site-content-layout":"","ast-site-content-layout":"default","site-content-style":"default","site-sidebar-style":"default","ast-global-header-display":"","ast-banner-title-visibility":"","ast-main-header-display":"","ast-hfb-above-header-display":"","ast-hfb-below-header-display":"","ast-hfb-mobile-header-display":"","site-post-title":"disabled","ast-breadcrumbs-content":"","ast-featured-img":"","footer-sml-layout":"","ast-disable-related-posts":"","theme-transparent-header-meta":"","adv-header-id-meta":"","stick-header-meta":"","header-above-stick-meta":"","header-main-stick-meta":"","header-below-stick-meta":"","astra-migrate-meta-layouts":"set","ast-page-background-enabled":"default","ast-page-background-meta":{"desktop":{"background-color":"","background-image":"","background-repeat":"repeat","background-position":"center center","background-size":"auto","background-attachment":"scroll","background-type":"","background-media":"","overlay-type":"","overlay-color":"","overlay-opacity":"","overlay-gradient":""},"tablet":{"background-color":"","background-image":"","background-repeat":"repeat","background-position":"center center","background-size":"auto","background-attachment":"scroll","background-type":"","background-media":"","overlay-type":"","overlay-color":"","overlay-opacity":"","overlay-gradient":""},"mobile":{"background-color":"","background-image":"","background-repeat":"repeat","background-position":"center center","background-size":"auto","background-attachment":"scroll","background-type":"","background-media":"","overlay-type":"","overlay-color":"","overlay-opacity":"","overlay-gradient":""}},"ast-content-background-meta":{"desktop":{"background-color":"var(--ast-global-color-5)","background-image":"","background-repeat":"repeat","background-position":"center center","background-size":"auto","background-attachment":"scroll","background-type":"","background-media":"","overlay-type":"","overlay-color":"","overlay-opacity":"","overlay-gradient":""},"tablet":{"background-color":"var(--ast-global-color-5)","background-image":"","background-repeat":"repeat","background-position":"center center","background-size":"auto","background-attachment":"scroll","background-type":"","background-media":"","overlay-type":"","overlay-color":"","overlay-opacity":"","overlay-gradient":""},"mobile":{"background-color":"var(--ast-global-color-5)","background-image":"","background-repeat":"repeat","background-position":"center center","background-size":"auto","background-attachment":"scroll","background-type":"","background-media":"","overlay-type":"","overlay-color":"","overlay-opacity":"","overlay-gradient":""}},"footnotes":""},"class_list":["post-2007","page","type-page","status-publish","hentry"],"uagb_featured_image_src":{"full":false,"thumbnail":false,"medium":false,"medium_large":false,"large":false,"gs-tiny":false,"xl":false,"xxl":false,"xxxl":false,"xxxxl":false,"xxxxxl":false,"1536x1536":false,"2048x2048":false},"uagb_author_info":{"display_name":"COEINF","author_link":"https:\/\/enginyeriainformatica.cat\/dones-coeinf\/author\/coeinf\/"},"uagb_comment_info":0,"uagb_excerpt":"The 10 recommendations of donesCOEINF: towards the equity. Support it! donesCOEINF proposa 10 suggeriments d\u2019aplicaci\u00f3 immediata per contribuir a la reducci\u00f3 de l\u2019escletxa de g\u00e8nere. Pots adherir-t\u2019hi com a persona al final de la p\u00e0gina (clica aqu\u00ed). Pots adherir-hi a una entitat al final de la p\u00e0gina (clica aqu\u00ed). Imprimiu-la i poseu-la en lloc visible&hellip;","_links":{"self":[{"href":"https:\/\/enginyeriainformatica.cat\/dones-coeinf\/wp-json\/wp\/v2\/pages\/2007","targetHints":{"allow":["GET"]}}],"collection":[{"href":"https:\/\/enginyeriainformatica.cat\/dones-coeinf\/wp-json\/wp\/v2\/pages"}],"about":[{"href":"https:\/\/enginyeriainformatica.cat\/dones-coeinf\/wp-json\/wp\/v2\/types\/page"}],"author":[{"embeddable":true,"href":"https:\/\/enginyeriainformatica.cat\/dones-coeinf\/wp-json\/wp\/v2\/users\/1"}],"replies":[{"embeddable":true,"href":"https:\/\/enginyeriainformatica.cat\/dones-coeinf\/wp-json\/wp\/v2\/comments?post=2007"}],"version-history":[{"count":9,"href":"https:\/\/enginyeriainformatica.cat\/dones-coeinf\/wp-json\/wp\/v2\/pages\/2007\/revisions"}],"predecessor-version":[{"id":2381,"href":"https:\/\/enginyeriainformatica.cat\/dones-coeinf\/wp-json\/wp\/v2\/pages\/2007\/revisions\/2381"}],"wp:attachment":[{"href":"https:\/\/enginyeriainformatica.cat\/dones-coeinf\/wp-json\/wp\/v2\/media?parent=2007"}],"curies":[{"name":"wp","href":"https:\/\/api.w.org\/{rel}","templated":true}]}}