{"id":2728,"date":"2025-08-25T13:32:25","date_gmt":"2025-08-25T11:32:25","guid":{"rendered":"https:\/\/enginyeriainformatica.cat\/dones-coeinf\/?page_id=2728"},"modified":"2025-08-25T14:04:26","modified_gmt":"2025-08-25T12:04:26","slug":"politica-de-cookies","status":"publish","type":"page","link":"https:\/\/enginyeriainformatica.cat\/dones-coeinf\/politica-de-cookies\/","title":{"rendered":"Pol\u00edtica de cookies"},"content":{"rendered":"\n<p><strong>\u00daltima revisi\u00f3 03 febrer 2021<\/strong><\/p>\n\n\n\n<p>Al COEINF utilitzem cookies i\/o tecnologies similars que emmagatzemen i recuperen informaci\u00f3 quan &nbsp;navegues. &nbsp;En general, aquestes tecnologies poden servir pera una gran varietat de prop\u00f2sits, &nbsp;com ara recon\u00e8ixer-vos com a usuari, obtenir informaci\u00f3 sobre els vostres h\u00e0bits de navegaci\u00f3 o personalitzar la manera com es mostra el contingut.<\/p>\n\n\n\n<p>Els nostres usos espec\u00edfics d&#8217;aquestes tecnologies es descriuen a continuaci\u00f3. Volem informar-te de manera clara i precisa sobre les cookies que utilitzem, detallant a continuaci\u00f3 qu\u00e8 \u00e9s una cookie, per a qu\u00e8 serveix, quins tipus de cookies utilitzem, quina \u00e9s la seva finalitat i com pots configurar-les o desactivar-les si ho desitges.<\/p>\n\n\n\n<p><strong>Qu\u00e8 \u00e9s una galeta i per a qu\u00e8 serveix?<\/strong><\/p>\n\n\n\n<p>Una &#8220;Cookie&#8221; \u00e9s un petit arxiu que s&#8217;emmagatzema a l&#8217;ordinador de l&#8217;usuari, tauleta, tel\u00e8fon intel\u00b7ligent o qualsevol altre dispositiu amb informaci\u00f3 de navegaci\u00f3. El conjunt de &#8220;cookies&#8221; de tots els nostres usuaris ens ajuda a millorar la qualitat del nostre lloc web, permetent-nos controlar quines p\u00e0gines s\u00f3n \u00fatils, quines no i quines s\u00f3n susceptibles de millora.<\/p>\n\n\n\n<p>Les cookies s\u00f3n essencials per al funcionament d&#8217;Internet, aportant innombrables avantatges en la prestaci\u00f3 de serveis interactius, facilitant la navegaci\u00f3 i usabilitat del nostre lloc web. En cap cas les cookies poden danyar el seu ordinador. D&#8217;altra banda, estar actiu ens ajuda a identificar i resoldre errors.<\/p>\n\n\n\n<p><strong>QUINS TIPUS DE COOKIES UTILITZEM?<\/strong><\/p>\n\n\n\n<p><strong>SEGONS L&#8217;ENTITAT QUE LA GESTIONI<\/strong><\/p>\n\n\n\n<ul class=\"wp-block-list\">\n<li><strong>Cookies pr\u00f2pies<\/strong><\/li>\n<\/ul>\n\n\n\n<p>S\u00f3n aquelles que s&#8217;envien al seu ordinador des dels nostres propis ordinadors o dominis i des dels quals prestem el servei que sol\u00b7licita.<\/p>\n\n\n\n<ul class=\"wp-block-list\">\n<li><strong>Galetes de tercers<\/strong><\/li>\n<\/ul>\n\n\n\n<p>S\u00f3n aquelles que s&#8217;envien al teu equip des d&#8217;un ordinador o domini que no \u00e9s gestionat per nosaltres, sin\u00f3 per una altra entitat col\u00b7laboradora. Per exemple, les utilitzades per xarxes socials o per contingut extern com Google Maps.<\/p>\n\n\n\n<p><strong>SEGONS EL TEMPS QUE ROMANEN<\/strong><\/p>\n\n\n\n<ul class=\"wp-block-list\">\n<li><strong>Galetes de sessi\u00f3<\/strong><\/li>\n<\/ul>\n\n\n\n<p>S\u00f3n cookies temporals que romanen a l&#8217;arxiu de cookies del seu navegador fins que abandoni el lloc web, de manera que cap est\u00e0 registrada en el disc dur del seu ordinador. La informaci\u00f3 obtinguda a trav\u00e9s d&#8217;aquestes cookies, serveix per analitzar pautes de tr\u00e0nsit a la web. A la llarga, aix\u00f2 ens permet oferir una millor experi\u00e8ncia per millorar el contingut i facilitar-ne l&#8217;\u00fas.<\/p>\n\n\n\n<ul class=\"wp-block-list\">\n<li><strong>Cookies persistents<\/strong><\/li>\n<\/ul>\n\n\n\n<p>S&#8217;emmagatzemen al disc dur i el nostre lloc web les llegeix cada vegada que feu una nova visita. Un lloc web permanent t\u00e9 una data de caducitat determinada. La galeta deixar\u00e0 de funcionar despr\u00e9s d&#8217;aquesta data.<\/p>\n\n\n\n<p><strong>SEGONS LA SEVA FINALITAT<\/strong><\/p>\n\n\n\n<ul class=\"wp-block-list\">\n<li><strong>Cookies t\u00e8cniques<\/strong><\/li>\n<\/ul>\n\n\n\n<p>S\u00f3n necess\u00e0ries per a la navegaci\u00f3 i el bon funcionament de la nostra p\u00e0gina web. Permeten, per exemple, controlar el tr\u00e0nsit i la comunicaci\u00f3 de dades, accedir a parts d&#8217;acc\u00e9s restringit, realitzar el proc\u00e9s de compra d&#8217;una comanda, utilitzar elements de seguretat, emmagatzemar continguts per poder difondre v\u00eddeos o compartir continguts a trav\u00e9s de les xarxes socials.<\/p>\n\n\n\n<ul class=\"wp-block-list\">\n<li><strong>Cookies d&#8217;an\u00e0lisi<\/strong><\/li>\n<\/ul>\n\n\n\n<p>S\u00f3n aquelles que ens permeten quantificar el nombre d&#8217;usuaris i aix\u00ed realitzar el mesurament i an\u00e0lisi estad\u00edstica de la utilitzaci\u00f3 que fan els usuaris dels serveis prestats. Per a aix\u00f2, analitzem la seva navegaci\u00f3 a la nostra p\u00e0gina web amb la finalitat de millorar l&#8217;oferta de productes i serveis que li oferim.<\/p>\n\n\n\n<ul class=\"wp-block-list\">\n<li><strong>Cookies de prefer\u00e8ncies o personalitzaci\u00f3<\/strong><\/li>\n<\/ul>\n\n\n\n<p>S\u00f3n aquelles que permeten recordar informaci\u00f3 perqu\u00e8 l&#8217;usuari accedeixi al servei amb certes caracter\u00edstiques que poden diferenciar la seva experi\u00e8ncia de la d&#8217;altres usuaris, com ara l&#8217;idioma, el nombre de resultats a mostrar quan l&#8217;usuari realitza una cerca, l&#8217;aparen\u00e7a o el contingut del servei en funci\u00f3 del tipus de navegador a trav\u00e9s del qual accedeixi al servei o a la regi\u00f3 des de la qual accedeix al servei. Etc.<\/p>\n\n\n\n<ul class=\"wp-block-list\">\n<li><strong>Cookies de publicitat comportamental<\/strong><\/li>\n<\/ul>\n\n\n\n<p>S\u00f3n aquelles que emmagatzemen informaci\u00f3 del comportament dels usuaris obtinguda a trav\u00e9s de l&#8217;observaci\u00f3 continuada dels seus h\u00e0bits de navegaci\u00f3, la qual cosa permet desenvolupar un perfil espec\u00edfic per mostrar publicitat en funci\u00f3 del mateix.<\/p>\n\n\n\n<p><strong>FINALITAT DE CADASCUNA DE LES COOKIES UTILITZADES<\/strong><\/p>\n\n\n\n<p>No utilitzem cap cookie anal\u00edtica, publicit\u00e0ria o de m\u00e0rqueting.<\/p>\n\n\n\n<p><strong>COM POTS CONFIGURAR O DESACTIVAR LES TEVES COOKIES?<\/strong><\/p>\n\n\n\n<p>Vost\u00e8 pot permetre, bloquejar o eliminar les cookies instal\u00b7lades en el seu equip mitjan\u00e7ant la configuraci\u00f3 de les opcions del seu navegador d&#8217;Internet. En cas que no permeti la instal\u00b7laci\u00f3 de cookies en el seu navegador \u00e9s possible que no pugui accedir a alguns dels serveis i la seva experi\u00e8ncia al nostre lloc web pot resultar menys satisfact\u00f2ria. En els seg\u00fcents enlla\u00e7os tens a la teva disposici\u00f3 tota la informaci\u00f3 per configurar o desactivar les teves cookies en cada navegador:<\/p>\n\n\n\n<ul class=\"wp-block-list\">\n<li><a href=\"https:\/\/support.google.com\/chrome\/answer\/95647?hl=es\">Google Chrome<\/a><\/li>\n\n\n\n<li><a href=\"https:\/\/support.mozilla.org\/es\/kb\/habilitar-y-deshabilitar-cookies-que-los-sitios-we\">Mozilla Firefox<\/a><\/li>\n\n\n\n<li><a href=\"http:\/\/windows.microsoft.com\/es-es\/windows-vista\/block-or-allow-cookies\">Internet Explorer<\/a><\/li>\n\n\n\n<li><a href=\"http:\/\/support.apple.com\/kb\/ph5042?viewlocale=es_es\">Safari<\/a><\/li>\n\n\n\n<li><a href=\"http:\/\/support.apple.com\/kb\/ht1677?viewlocale=es_es\">Safari per a iOS (iPhone i iPad)<\/a><\/li>\n\n\n\n<li><a href=\"https:\/\/support.google.com\/chrome\/answer\/2392971?hl=es\">Chrome per a Android<\/a><\/li>\n<\/ul>\n\n\n\n<p>O tamb\u00e9 pot utilitzar el bot\u00f3 a l&#8217;inici d&#8217;aquesta pol\u00edtica de cookies per obrir el configurador i rebutjar les cookies que ha acceptat.<\/p>\n\n\n\n<p><strong>M\u00e9s informaci\u00f3<\/strong><\/p>\n\n\n\n<p class=\"has-link-color wp-elements-1fea59c97a1ce241e7cc05c87c10e5f2\">Per a m\u00e9s informaci\u00f3 accedeixi a la nostra pol\u00edtica de <a href=\"https:\/\/enginyeriainformatica.cat\/dones-coeinf\/privacitat-i-proteccio-de-dades\/\" data-type=\"page\" data-id=\"2730\"><strong><span style=\"text-decoration: underline;\">privacitat i protecci\u00f3 de dades<\/span><\/strong>.<\/a><\/p>\n\n\n\n<p><\/p>\n","protected":false},"excerpt":{"rendered":"<p>\u00daltima revisi\u00f3 03 febrer 2021 Al COEINF utilitzem cookies i\/o tecnologies similars que emmagatzemen i recuperen informaci\u00f3 quan &nbsp;navegues. &nbsp;En general, aquestes tecnologies poden servir pera una gran varietat de prop\u00f2sits, &nbsp;com ara recon\u00e8ixer-vos com a usuari, obtenir informaci\u00f3 sobre els vostres h\u00e0bits de navegaci\u00f3 o personalitzar la manera com es mostra el contingut. Els [&hellip;]<\/p>\n","protected":false},"author":1,"featured_media":0,"parent":0,"menu_order":0,"comment_status":"closed","ping_status":"closed","template":"","meta":{"_uag_custom_page_level_css":"","site-sidebar-layout":"default","site-content-layout":"","ast-site-content-layout":"default","site-content-style":"default","site-sidebar-style":"default","ast-global-header-display":"","ast-banner-title-visibility":"","ast-main-header-display":"","ast-hfb-above-header-display":"","ast-hfb-below-header-display":"","ast-hfb-mobile-header-display":"","site-post-title":"","ast-breadcrumbs-content":"","ast-featured-img":"","footer-sml-layout":"","ast-disable-related-posts":"","theme-transparent-header-meta":"","adv-header-id-meta":"","stick-header-meta":"","header-above-stick-meta":"","header-main-stick-meta":"","header-below-stick-meta":"","astra-migrate-meta-layouts":"set","ast-page-background-enabled":"default","ast-page-background-meta":{"desktop":{"background-color":"","background-image":"","background-repeat":"repeat","background-position":"center center","background-size":"auto","background-attachment":"scroll","background-type":"","background-media":"","overlay-type":"","overlay-color":"","overlay-opacity":"","overlay-gradient":""},"tablet":{"background-color":"","background-image":"","background-repeat":"repeat","background-position":"center center","background-size":"auto","background-attachment":"scroll","background-type":"","background-media":"","overlay-type":"","overlay-color":"","overlay-opacity":"","overlay-gradient":""},"mobile":{"background-color":"","background-image":"","background-repeat":"repeat","background-position":"center center","background-size":"auto","background-attachment":"scroll","background-type":"","background-media":"","overlay-type":"","overlay-color":"","overlay-opacity":"","overlay-gradient":""}},"ast-content-background-meta":{"desktop":{"background-color":"var(--ast-global-color-5)","background-image":"","background-repeat":"repeat","background-position":"center center","background-size":"auto","background-attachment":"scroll","background-type":"","background-media":"","overlay-type":"","overlay-color":"","overlay-opacity":"","overlay-gradient":""},"tablet":{"background-color":"var(--ast-global-color-5)","background-image":"","background-repeat":"repeat","background-position":"center center","background-size":"auto","background-attachment":"scroll","background-type":"","background-media":"","overlay-type":"","overlay-color":"","overlay-opacity":"","overlay-gradient":""},"mobile":{"background-color":"var(--ast-global-color-5)","background-image":"","background-repeat":"repeat","background-position":"center center","background-size":"auto","background-attachment":"scroll","background-type":"","background-media":"","overlay-type":"","overlay-color":"","overlay-opacity":"","overlay-gradient":""}},"footnotes":""},"class_list":["post-2728","page","type-page","status-publish","hentry"],"uagb_featured_image_src":{"full":false,"thumbnail":false,"medium":false,"medium_large":false,"large":false,"gs-tiny":false,"xl":false,"xxl":false,"xxxl":false,"xxxxl":false,"xxxxxl":false,"1536x1536":false,"2048x2048":false},"uagb_author_info":{"display_name":"COEINF","author_link":"https:\/\/enginyeriainformatica.cat\/dones-coeinf\/author\/coeinf\/"},"uagb_comment_info":0,"uagb_excerpt":"\u00daltima revisi\u00f3 03 febrer 2021 Al COEINF utilitzem cookies i\/o tecnologies similars que emmagatzemen i recuperen informaci\u00f3 quan &nbsp;navegues. &nbsp;En general, aquestes tecnologies poden servir pera una gran varietat de prop\u00f2sits, &nbsp;com ara recon\u00e8ixer-vos com a usuari, obtenir informaci\u00f3 sobre els vostres h\u00e0bits de navegaci\u00f3 o personalitzar la manera com es mostra el contingut. Els&hellip;","_links":{"self":[{"href":"https:\/\/enginyeriainformatica.cat\/dones-coeinf\/wp-json\/wp\/v2\/pages\/2728","targetHints":{"allow":["GET"]}}],"collection":[{"href":"https:\/\/enginyeriainformatica.cat\/dones-coeinf\/wp-json\/wp\/v2\/pages"}],"about":[{"href":"https:\/\/enginyeriainformatica.cat\/dones-coeinf\/wp-json\/wp\/v2\/types\/page"}],"author":[{"embeddable":true,"href":"https:\/\/enginyeriainformatica.cat\/dones-coeinf\/wp-json\/wp\/v2\/users\/1"}],"replies":[{"embeddable":true,"href":"https:\/\/enginyeriainformatica.cat\/dones-coeinf\/wp-json\/wp\/v2\/comments?post=2728"}],"version-history":[{"count":2,"href":"https:\/\/enginyeriainformatica.cat\/dones-coeinf\/wp-json\/wp\/v2\/pages\/2728\/revisions"}],"predecessor-version":[{"id":2733,"href":"https:\/\/enginyeriainformatica.cat\/dones-coeinf\/wp-json\/wp\/v2\/pages\/2728\/revisions\/2733"}],"wp:attachment":[{"href":"https:\/\/enginyeriainformatica.cat\/dones-coeinf\/wp-json\/wp\/v2\/media?parent=2728"}],"curies":[{"name":"wp","href":"https:\/\/api.w.org\/{rel}","templated":true}]}}