{"id":2800,"date":"2025-08-25T16:21:09","date_gmt":"2025-08-25T14:21:09","guid":{"rendered":"https:\/\/enginyeriainformatica.cat\/dones-coeinf\/?page_id=2800"},"modified":"2025-08-25T16:21:09","modified_gmt":"2025-08-25T14:21:09","slug":"avis-legal","status":"publish","type":"page","link":"https:\/\/enginyeriainformatica.cat\/dones-coeinf\/avis-legal\/","title":{"rendered":"Av\u00eds legal"},"content":{"rendered":"\n<p>El <strong>Col\u00b7legi Oficial d&#8217;Enginyeria en Inform\u00e0tica de Catalunya<\/strong>&nbsp; (en endavant el Col\u00b7legi), amb CIF Q0802144F, \u00e9s una associaci\u00f3 inscrita al Registre de Col\u00b7legis Professionals de la Direcci\u00f3 General de Dret i Entitats Jur\u00eddiques del Departament de Just\u00edcia de la Generalitat de Catalunya.<\/p>\n\n\n\n<p>El Col\u00b7legi Oficial d\u2019Enginyeria en Inform\u00e0tica de Catalunya (COEINF) es constitueix d\u2019acord amb la Llei 3\/2001, de 9 d\u2019abril, de creaci\u00f3 del Col\u00b7legi Oficial d\u2019Enginyeria en Inform\u00e0tica de Catalunya, publicada al Diari Oficial de la Generalitat de Catalunya n\u00fam. 3371, el 19 d\u2019abril de 2001.<\/p>\n\n\n\n<p>El Col\u00b7legi \u00e9s titular dels noms de domini:<\/p>\n\n\n\n<ul class=\"wp-block-list\">\n<li><a href=\"http:\/\/www.coeinf.cat\/\">www.coeinf.cat<\/a><\/li>\n\n\n\n<li><a href=\"http:\/\/www.enginyeriainformatica.cat\/\">www.enginyeriainformatica.cat<\/a><\/li>\n<\/ul>\n\n\n\n<p>Direcci\u00f3:<\/p>\n\n\n\n<p>Ramon Berenguer el Gran 1, entresol 1a<br>08002 Barcelona<br>Tel 93 451 64 94 &#8211; Fax 93 451 25 57<br>Correu electr\u00f2nic: <a href=\"mailto:secretaria@coeinf.cat\">secretaria@coeinf.cat<\/a><\/p>\n\n\n\n<p><strong>CONDICIONS GENERALS D&#8217;\u00daS<\/strong><\/p>\n\n\n\n<ul class=\"wp-block-list\">\n<li>L&#8217;usuari accedeix volunt\u00e0riament a aquest lloc web, el que implica que l&#8217;utilitzar\u00e0 conforme al present av\u00eds legal, la llei, la moral, la bona fe i \/ o els bons costums.<\/li>\n\n\n\n<li>La utilitzaci\u00f3 d&#8217;aquest lloc web suposa l&#8217;acceptaci\u00f3 d&#8217;aquest av\u00eds legal.<\/li>\n\n\n\n<li>Les p\u00e0gines web d&#8217;aquest lloc web poden ser visitades lliurement pels usuaris, a excepci\u00f3 de les relatives a l&#8217;\u00c0rea Restringida. Aquesta \u00e0rea \u00e9s d&#8217;\u00fas exclusiu dels col\u00b7legiats als quals el Col\u00b7legi ha comunicat un nom d&#8217;usuari i contrasenya. El nom d&#8217;usuari i contrasenya s\u00f3n personals i intransferibles. L&#8217;usuari assumeix la responsabilitat per qualsevol dany i perjudici, directe o indirecte, que pogu\u00e9s derivar-se de la seva utilitzaci\u00f3 indeguda, aix\u00ed com la cessi\u00f3 a tercers. En qualsevol moment el Col\u00b7legi, per motius de seguretat, podr\u00e0 modificar la contrasenya de l&#8217;usuari, notificant pr\u00e8viament al col\u00b7legiat afectat.<\/li>\n\n\n\n<li>El Col\u00b7legi es reserva el dret a modificar sense previ av\u00eds el contingut d&#8217;aquest av\u00eds legal, per tant, i per un correcte \u00fas del lloc web, li recomanem que visiti peri\u00f2dicament aquesta secci\u00f3.<\/li>\n<\/ul>\n\n\n\n<p><strong>PROPIETAT INTEL\u00b7LECTUAL I INDUSTRIAL<\/strong><\/p>\n\n\n\n<p>\u00a9 2013, Col\u00b7legi Oficial d&#8217;Enginyeria en Inform\u00e0tica de Catalunya, coeinf.cat. Tots els drets reservats.<\/p>\n\n\n\n<ul class=\"wp-block-list\">\n<li>Aquest lloc web i els continguts inclosos en el mateix: articles, textos, imatges, logotips, marques, botons, programari, etc. estan protegits per la legislaci\u00f3 vigent en propietat industrial i intel\u00b7lectual i s\u00f3n propietat del Col\u00b7legi o de tercers que han autoritzat el seu \u00fas al Col\u00b7legi, quedant expressament prohibida l&#8217;explotaci\u00f3 sense l&#8217;autoritzaci\u00f3 del Col\u00b7legi.<\/li>\n\n\n\n<li>L&#8217;acc\u00e9s a aquest lloc web no suposa, en cap cas, adquisici\u00f3 per part dels usuaris de cap dret de propietat sobre els continguts que hi figuren.<\/li>\n\n\n\n<li>El Col\u00b7legi es reserva el dret a modificar, actualitzar o suprimir qualsevol dels continguts d&#8217;aquest lloc web, en qualsevol moment i sense previ av\u00eds.<\/li>\n<\/ul>\n\n\n\n<p><strong>LIMITACI\u00d3 DE LA RESPONSABILITAT<\/strong><\/p>\n\n\n\n<ul class=\"wp-block-list\">\n<li>El Col\u00b7legi es reserva el dret a interrompre l&#8217;acc\u00e9s al seu lloc web, aix\u00ed com la prestaci\u00f3 de qualsevol servei a trav\u00e9s del mateix en qualsevol moment i sense previ av\u00eds, sigui per motius t\u00e8cnics, de seguretat, de manteniment o per qualsevol altra causa.<\/li>\n\n\n\n<li>El Col\u00b7legi no ser\u00e0 responsable en cas de que s&#8217;hagi d&#8217;interrompre el servei, retard o mal funcionament i altres inconvenients que tinguin el seu origen en causes que s&#8217;escapen del control del Col\u00b7legi i \/ o siguin degudes a una actuaci\u00f3 dolosa o culpable de l&#8217;usuari i \/ o tinguin el seu origen per causes de for\u00e7a major.<\/li>\n\n\n\n<li>La informaci\u00f3 continguda en aquest lloc web pot no ser correcta, malgrat els esfor\u00e7os realitzats per dur a terme la seva exactitud i actualitzaci\u00f3. En conseq\u00fc\u00e8ncia, el Col\u00b7legi no es responsabilitza dels errors continguts, ni dels danys o perjudicis derivats de la seva utilitzaci\u00f3.<\/li>\n\n\n\n<li>Aquest lloc web pot contenir enlla\u00e7os a altres llocs webs del contingut, la utilitat o exactitud no es pot responsabilitzar el Col\u00b7legi. La incorporaci\u00f3 d&#8217;un enlla\u00e7 en aquest lloc web no pot considerar-se una recomanaci\u00f3 als usuaris perqu\u00e8 l&#8217;utilitzin, la decisi\u00f3 d&#8217;utilitzar \u00e9s responsabilitat d&#8217;aquests \u00faltims.<\/li>\n\n\n\n<li>El Col\u00b7legi no es fa responsable dels danys i perjudicis derivats de l&#8217;\u00fas d&#8217;aquest lloc web o dels seus continguts, no garanteix l&#8217;abs\u00e8ncia de virus o la impossibilitat de causar danys en els sistemes inform\u00e0tics de l&#8217;usuari.<\/li>\n\n\n\n<li>El Col\u00b7legi no es responsabilitza del mal \u00fas que es pugui fer d&#8217;aquest lloc web.<\/li>\n<\/ul>\n\n\n\n<p><strong>LEGISLACI\u00d3 APLICABLE I TRIBUNALS COMPETENTS<\/strong><\/p>\n\n\n\n<ul class=\"wp-block-list\">\n<li>Les condicions d&#8217;aquest lloc web i les relacions entre l&#8217;usuari i el Col\u00b7legi es regiran per la legislaci\u00f3 i jurisdicci\u00f3 espanyola.<\/li>\n\n\n\n<li>Per con\u00e8ixer qualsevol discrep\u00e0ncia que pugui sorgir entre l&#8217;usuari i el Col\u00b7legi ambdues parts se sotmeten als Jutjats i Tribunals de Barcelona, Espanya.<\/li>\n<\/ul>\n","protected":false},"excerpt":{"rendered":"<p>El Col\u00b7legi Oficial d&#8217;Enginyeria en Inform\u00e0tica de Catalunya&nbsp; (en endavant el Col\u00b7legi), amb CIF Q0802144F, \u00e9s una associaci\u00f3 inscrita al Registre de Col\u00b7legis Professionals de la Direcci\u00f3 General de Dret i Entitats Jur\u00eddiques del Departament de Just\u00edcia de la Generalitat de Catalunya. El Col\u00b7legi Oficial d\u2019Enginyeria en Inform\u00e0tica de Catalunya (COEINF) es constitueix d\u2019acord amb [&hellip;]<\/p>\n","protected":false},"author":1,"featured_media":0,"parent":0,"menu_order":0,"comment_status":"closed","ping_status":"closed","template":"","meta":{"_uag_custom_page_level_css":"","site-sidebar-layout":"default","site-content-layout":"","ast-site-content-layout":"default","site-content-style":"default","site-sidebar-style":"default","ast-global-header-display":"","ast-banner-title-visibility":"","ast-main-header-display":"","ast-hfb-above-header-display":"","ast-hfb-below-header-display":"","ast-hfb-mobile-header-display":"","site-post-title":"","ast-breadcrumbs-content":"","ast-featured-img":"","footer-sml-layout":"","ast-disable-related-posts":"","theme-transparent-header-meta":"","adv-header-id-meta":"","stick-header-meta":"","header-above-stick-meta":"","header-main-stick-meta":"","header-below-stick-meta":"","astra-migrate-meta-layouts":"set","ast-page-background-enabled":"default","ast-page-background-meta":{"desktop":{"background-color":"","background-image":"","background-repeat":"repeat","background-position":"center center","background-size":"auto","background-attachment":"scroll","background-type":"","background-media":"","overlay-type":"","overlay-color":"","overlay-opacity":"","overlay-gradient":""},"tablet":{"background-color":"","background-image":"","background-repeat":"repeat","background-position":"center center","background-size":"auto","background-attachment":"scroll","background-type":"","background-media":"","overlay-type":"","overlay-color":"","overlay-opacity":"","overlay-gradient":""},"mobile":{"background-color":"","background-image":"","background-repeat":"repeat","background-position":"center center","background-size":"auto","background-attachment":"scroll","background-type":"","background-media":"","overlay-type":"","overlay-color":"","overlay-opacity":"","overlay-gradient":""}},"ast-content-background-meta":{"desktop":{"background-color":"var(--ast-global-color-5)","background-image":"","background-repeat":"repeat","background-position":"center center","background-size":"auto","background-attachment":"scroll","background-type":"","background-media":"","overlay-type":"","overlay-color":"","overlay-opacity":"","overlay-gradient":""},"tablet":{"background-color":"var(--ast-global-color-5)","background-image":"","background-repeat":"repeat","background-position":"center center","background-size":"auto","background-attachment":"scroll","background-type":"","background-media":"","overlay-type":"","overlay-color":"","overlay-opacity":"","overlay-gradient":""},"mobile":{"background-color":"var(--ast-global-color-5)","background-image":"","background-repeat":"repeat","background-position":"center center","background-size":"auto","background-attachment":"scroll","background-type":"","background-media":"","overlay-type":"","overlay-color":"","overlay-opacity":"","overlay-gradient":""}},"footnotes":""},"class_list":["post-2800","page","type-page","status-publish","hentry"],"uagb_featured_image_src":{"full":false,"thumbnail":false,"medium":false,"medium_large":false,"large":false,"gs-tiny":false,"xl":false,"xxl":false,"xxxl":false,"xxxxl":false,"xxxxxl":false,"1536x1536":false,"2048x2048":false},"uagb_author_info":{"display_name":"COEINF","author_link":"https:\/\/enginyeriainformatica.cat\/dones-coeinf\/author\/coeinf\/"},"uagb_comment_info":0,"uagb_excerpt":"El Col\u00b7legi Oficial d&#8217;Enginyeria en Inform\u00e0tica de Catalunya&nbsp; (en endavant el Col\u00b7legi), amb CIF Q0802144F, \u00e9s una associaci\u00f3 inscrita al Registre de Col\u00b7legis Professionals de la Direcci\u00f3 General de Dret i Entitats Jur\u00eddiques del Departament de Just\u00edcia de la Generalitat de Catalunya. El Col\u00b7legi Oficial d\u2019Enginyeria en Inform\u00e0tica de Catalunya (COEINF) es constitueix d\u2019acord amb&hellip;","_links":{"self":[{"href":"https:\/\/enginyeriainformatica.cat\/dones-coeinf\/wp-json\/wp\/v2\/pages\/2800","targetHints":{"allow":["GET"]}}],"collection":[{"href":"https:\/\/enginyeriainformatica.cat\/dones-coeinf\/wp-json\/wp\/v2\/pages"}],"about":[{"href":"https:\/\/enginyeriainformatica.cat\/dones-coeinf\/wp-json\/wp\/v2\/types\/page"}],"author":[{"embeddable":true,"href":"https:\/\/enginyeriainformatica.cat\/dones-coeinf\/wp-json\/wp\/v2\/users\/1"}],"replies":[{"embeddable":true,"href":"https:\/\/enginyeriainformatica.cat\/dones-coeinf\/wp-json\/wp\/v2\/comments?post=2800"}],"version-history":[{"count":1,"href":"https:\/\/enginyeriainformatica.cat\/dones-coeinf\/wp-json\/wp\/v2\/pages\/2800\/revisions"}],"predecessor-version":[{"id":2801,"href":"https:\/\/enginyeriainformatica.cat\/dones-coeinf\/wp-json\/wp\/v2\/pages\/2800\/revisions\/2801"}],"wp:attachment":[{"href":"https:\/\/enginyeriainformatica.cat\/dones-coeinf\/wp-json\/wp\/v2\/media?parent=2800"}],"curies":[{"name":"wp","href":"https:\/\/api.w.org\/{rel}","templated":true}]}}