{"id":3578,"date":"2025-09-05T15:07:36","date_gmt":"2025-09-05T13:07:36","guid":{"rendered":"https:\/\/enginyeriainformatica.cat\/dones-coeinf\/?page_id=3578"},"modified":"2025-09-05T15:22:12","modified_gmt":"2025-09-05T13:22:12","slug":"vullserdonescoeinf","status":"publish","type":"page","link":"https:\/\/enginyeriainformatica.cat\/dones-coeinf\/vullserdonescoeinf\/","title":{"rendered":"VullSERdonesCOEINF"},"content":{"rendered":"\n<hr class=\"wp-block-separator has-alpha-channel-opacity\"\/>\n\n\n\n<h3 class=\"wp-block-heading has-ast-global-color-0-color has-text-color has-link-color wp-elements-3eda92cd2d1224c597a0c9a68fc0774b\">Campanya VullSERdonesCOEINF pel Dia Internacional de la Dona i la Nena a la Ci\u00e8ncia 2021<br><\/h3>\n\n\n\n<hr class=\"wp-block-separator has-alpha-channel-opacity\"\/>\n\n\n\n<p class=\"has-ast-global-color-0-color has-text-color has-link-color wp-elements-16d654c88bb4612827cdcc66b5eb8588\"><strong>VullSERdonesCOEINF<\/strong><\/p>\n\n\n\n<p class=\"has-text-align-center\">Tens un M\u00e0ster Oficial en Enginyeria Inform\u00e0tica?<\/p>\n\n\n\n<p class=\"has-text-align-center\">Ets dona?<\/p>\n\n\n\n<p class=\"has-text-align-center\"><strong>Aquesta campanya \u00e9s per a TU&#8230;<\/strong><\/p>\n\n\n\n<figure class=\"wp-block-image aligncenter size-full is-resized\"><img loading=\"lazy\" decoding=\"async\" width=\"768\" height=\"576\" src=\"https:\/\/enginyeriainformatica.cat\/dones-coeinf\/wp-content\/uploads\/2025\/09\/si-768x576-1.jpg\" alt=\"si 768x576\" class=\"wp-image-3603\" style=\"width:540px;height:auto\" title=\"VullSERdonesCOEINF\" srcset=\"https:\/\/enginyeriainformatica.cat\/dones-coeinf\/wp-content\/uploads\/2025\/09\/si-768x576-1.jpg 768w, https:\/\/enginyeriainformatica.cat\/dones-coeinf\/wp-content\/uploads\/2025\/09\/si-768x576-1-300x225.jpg 300w, https:\/\/enginyeriainformatica.cat\/dones-coeinf\/wp-content\/uploads\/2025\/09\/si-768x576-1-50x38.jpg 50w\" sizes=\"auto, (max-width: 768px) 100vw, 768px\" \/><\/figure>\n\n\n\n<p>Som tan poquetes, en un m\u00f3n que esdev\u00e9 digital imparablement&#8230;..<\/p>\n\n\n\n<p class=\"has-link-color wp-elements-f8b66119a153b255562055c786ec6393\">Amb motiu del <strong><em>Dia Internacional de la Dona i la Nena a la Ci\u00e8ncia<\/em><\/strong>, 11 de febrer de 2021, donesCOEINF, la comissi\u00f3 de g\u00e8nere del Col.legi Oficial d\u2019Enginyeria Inform\u00e0tica de Catalunya (COEINF) et concedeix la <strong><em>col.legiaci\u00f3 gratu\u00efta<\/em><\/strong> pels propers<em><strong> TRES ANYS<\/strong><\/em><\/p>\n\n\n\n<p class=\"has-link-color wp-elements-96a2bac9ceefa4da9169fa6038d1ac19\"><a href=\"http:\/\/dones.coeinf.cat\">donesCOEINF<\/a> treballa per promocionar l\u2019enginyeria inform\u00e0tica entre les dones, visibilitzar referents femenins de la professi\u00f3, inspirar vocacions en les jovenetes i trencar els sostres de vidre que frenen el creixement professional de les enginyeres inform\u00e0tiques.<\/p>\n\n\n\n<p class=\"has-link-color wp-elements-e4aaf9b5434354726526f3b65cc9c170\"><strong>#mesdonesEInf <\/strong>\u00e9s el nostre lema i per aix\u00f2 treballem.<\/p>\n\n\n\n<figure class=\"wp-block-image aligncenter size-full\"><img loading=\"lazy\" decoding=\"async\" width=\"768\" height=\"576\" src=\"https:\/\/enginyeriainformatica.cat\/dones-coeinf\/wp-content\/uploads\/2025\/09\/IMG-20190318-WA0038-768x576-2.jpg\" alt=\"img 20190318 wa0038 768x576\" class=\"wp-image-3607\" title=\"VullSERdonesCOEINF\" srcset=\"https:\/\/enginyeriainformatica.cat\/dones-coeinf\/wp-content\/uploads\/2025\/09\/IMG-20190318-WA0038-768x576-2.jpg 768w, https:\/\/enginyeriainformatica.cat\/dones-coeinf\/wp-content\/uploads\/2025\/09\/IMG-20190318-WA0038-768x576-2-300x225.jpg 300w, https:\/\/enginyeriainformatica.cat\/dones-coeinf\/wp-content\/uploads\/2025\/09\/IMG-20190318-WA0038-768x576-2-50x38.jpg 50w\" sizes=\"auto, (max-width: 768px) 100vw, 768px\" \/><\/figure>\n\n\n\n<p class=\"has-link-color wp-elements-771580b3e1723dd641ab1448176f0028\">El <a href=\"http:\/\/enginyeriainformatica.cat\">COEINF<\/a> a m\u00e9s et mantindr\u00e0 actualitzada del que passa al sector i treballa en defensa de la professi\u00f3.<\/p>\n\n\n\n<p class=\"has-link-color wp-elements-a9ddd74e4311c10b0968f143f88a5375\">Coneix les nostres activitats a <a href=\"http:\/\/dones.coeinf.cat\">dones.coeinf.cat<\/a> i les del Col.legi a&nbsp;<a href=\"http:\/\/www.enginyeriainformatica.cat\">www.enginyeriainformatica.cat<\/a><\/p>\n\n\n\n<p>No t\u2019ho pensis&#8230;<\/p>\n\n\n\n<p class=\"has-link-color wp-elements-38b90346388b448ec9ec3855354ce88f\">Uneix-te a la fam\u00edlia COEINF i la seva comissi\u00f3 de g\u00e8nere donesCOEINF i acompanyan&#8217;s a tancar l&#8217;escletxa de g\u00e8nere en enginyeria inform\u00e0tica<\/p>\n\n\n\n<figure class=\"wp-block-image aligncenter size-large is-resized\"><img loading=\"lazy\" decoding=\"async\" width=\"1024\" height=\"576\" src=\"https:\/\/enginyeriainformatica.cat\/dones-coeinf\/wp-content\/uploads\/2025\/08\/Diseno-sin-titulo-3-1024x576.png\" alt=\"disen\u0303o sin ti\u0301tulo (3)\" class=\"wp-image-2622\" style=\"width:270px;height:auto\" title=\"VullSERdonesCOEINF\" srcset=\"https:\/\/enginyeriainformatica.cat\/dones-coeinf\/wp-content\/uploads\/2025\/08\/Diseno-sin-titulo-3-1024x576.png 1024w, https:\/\/enginyeriainformatica.cat\/dones-coeinf\/wp-content\/uploads\/2025\/08\/Diseno-sin-titulo-3-300x169.png 300w, https:\/\/enginyeriainformatica.cat\/dones-coeinf\/wp-content\/uploads\/2025\/08\/Diseno-sin-titulo-3-768x432.png 768w, https:\/\/enginyeriainformatica.cat\/dones-coeinf\/wp-content\/uploads\/2025\/08\/Diseno-sin-titulo-3-50x28.png 50w, https:\/\/enginyeriainformatica.cat\/dones-coeinf\/wp-content\/uploads\/2025\/08\/Diseno-sin-titulo-3-1600x900.png 1600w, https:\/\/enginyeriainformatica.cat\/dones-coeinf\/wp-content\/uploads\/2025\/08\/Diseno-sin-titulo-3-1536x864.png 1536w, https:\/\/enginyeriainformatica.cat\/dones-coeinf\/wp-content\/uploads\/2025\/08\/Diseno-sin-titulo-3-2048x1152.png 2048w\" sizes=\"auto, (max-width: 1024px) 100vw, 1024px\" \/><\/figure>\n\n\n\n<p class=\"has-ast-global-color-0-color has-text-color has-link-color wp-elements-04b66dee8774c2ab37b03e28e09ce2cf\"><strong>JUNTES FAREM M\u00c9S XARXA<\/strong><\/p>\n\n\n\n<p class=\"has-link-color wp-elements-89f1e934a0d9592374fbcb113a2fea39\">Escriu a <a href=\"mailto:secretaria@enginyeriainformatica.cat\">secretaria@enginyeriainformatica.cat<\/a> i col.legia\u2019t.<\/p>\n\n\n\n<p>Codi de promoci\u00f3 <strong>VullSERdonesCOEINF<\/strong> (fes-lo constar al Subject del teu mail)<\/p>\n\n\n\n<p class=\"has-ast-global-color-0-color has-text-color has-link-color wp-elements-e6128ce43c7fefe4142db0002ee93aad\">Nota: Promoci\u00f3 v\u00e0lida de l\u201911 de febrer de 2021 (Dia Int\u2019l de la Dona i la Nena a la Ci\u00e8ncia) al 26 de febrer de 2021.<\/p>\n\n\n\n<figure class=\"wp-block-image aligncenter size-large\"><img loading=\"lazy\" decoding=\"async\" width=\"1024\" height=\"437\" src=\"https:\/\/enginyeriainformatica.cat\/dones-coeinf\/wp-content\/uploads\/2025\/09\/49556057181_bc934070a0v3-1536x656-1-1024x437.jpg\" alt=\"49556057181 bc934070a0v3 1536x656\" class=\"wp-image-3605\" title=\"VullSERdonesCOEINF\" srcset=\"https:\/\/enginyeriainformatica.cat\/dones-coeinf\/wp-content\/uploads\/2025\/09\/49556057181_bc934070a0v3-1536x656-1-1024x437.jpg 1024w, https:\/\/enginyeriainformatica.cat\/dones-coeinf\/wp-content\/uploads\/2025\/09\/49556057181_bc934070a0v3-1536x656-1-300x128.jpg 300w, https:\/\/enginyeriainformatica.cat\/dones-coeinf\/wp-content\/uploads\/2025\/09\/49556057181_bc934070a0v3-1536x656-1-768x328.jpg 768w, https:\/\/enginyeriainformatica.cat\/dones-coeinf\/wp-content\/uploads\/2025\/09\/49556057181_bc934070a0v3-1536x656-1-50x21.jpg 50w, https:\/\/enginyeriainformatica.cat\/dones-coeinf\/wp-content\/uploads\/2025\/09\/49556057181_bc934070a0v3-1536x656-1.jpg 1536w\" sizes=\"auto, (max-width: 1024px) 100vw, 1024px\" \/><\/figure>\n\n\n\n<figure class=\"wp-block-image aligncenter\"><img decoding=\"async\" src=\"https:\/\/enginyeriainformatica.cat\/wp-content\/uploads\/2020\/05\/informaTICa-LOGO-01-mk-300x133.png\" alt=\"InformaTICa LOGO 01 Mk 300x133\" class=\"wp-image-32403\" title=\"VullSERdonesCOEINF\"><\/figure>\n","protected":false},"excerpt":{"rendered":"<p>Campanya VullSERdonesCOEINF pel Dia Internacional de la Dona i la Nena a la Ci\u00e8ncia 2021 VullSERdonesCOEINF Tens un M\u00e0ster Oficial en Enginyeria Inform\u00e0tica? Ets dona? Aquesta campanya \u00e9s per a TU&#8230; Som tan poquetes, en un m\u00f3n que esdev\u00e9 digital imparablement&#8230;.. Amb motiu del Dia Internacional de la Dona i la Nena a la Ci\u00e8ncia, [&hellip;]<\/p>\n","protected":false},"author":1,"featured_media":0,"parent":0,"menu_order":0,"comment_status":"closed","ping_status":"closed","template":"","meta":{"_uag_custom_page_level_css":"","site-sidebar-layout":"default","site-content-layout":"","ast-site-content-layout":"default","site-content-style":"default","site-sidebar-style":"default","ast-global-header-display":"","ast-banner-title-visibility":"","ast-main-header-display":"","ast-hfb-above-header-display":"","ast-hfb-below-header-display":"","ast-hfb-mobile-header-display":"","site-post-title":"disabled","ast-breadcrumbs-content":"","ast-featured-img":"","footer-sml-layout":"","ast-disable-related-posts":"","theme-transparent-header-meta":"","adv-header-id-meta":"","stick-header-meta":"","header-above-stick-meta":"","header-main-stick-meta":"","header-below-stick-meta":"","astra-migrate-meta-layouts":"set","ast-page-background-enabled":"default","ast-page-background-meta":{"desktop":{"background-color":"","background-image":"","background-repeat":"repeat","background-position":"center center","background-size":"auto","background-attachment":"scroll","background-type":"","background-media":"","overlay-type":"","overlay-color":"","overlay-opacity":"","overlay-gradient":""},"tablet":{"background-color":"","background-image":"","background-repeat":"repeat","background-position":"center center","background-size":"auto","background-attachment":"scroll","background-type":"","background-media":"","overlay-type":"","overlay-color":"","overlay-opacity":"","overlay-gradient":""},"mobile":{"background-color":"","background-image":"","background-repeat":"repeat","background-position":"center center","background-size":"auto","background-attachment":"scroll","background-type":"","background-media":"","overlay-type":"","overlay-color":"","overlay-opacity":"","overlay-gradient":""}},"ast-content-background-meta":{"desktop":{"background-color":"var(--ast-global-color-5)","background-image":"","background-repeat":"repeat","background-position":"center center","background-size":"auto","background-attachment":"scroll","background-type":"","background-media":"","overlay-type":"","overlay-color":"","overlay-opacity":"","overlay-gradient":""},"tablet":{"background-color":"var(--ast-global-color-5)","background-image":"","background-repeat":"repeat","background-position":"center center","background-size":"auto","background-attachment":"scroll","background-type":"","background-media":"","overlay-type":"","overlay-color":"","overlay-opacity":"","overlay-gradient":""},"mobile":{"background-color":"var(--ast-global-color-5)","background-image":"","background-repeat":"repeat","background-position":"center center","background-size":"auto","background-attachment":"scroll","background-type":"","background-media":"","overlay-type":"","overlay-color":"","overlay-opacity":"","overlay-gradient":""}},"footnotes":""},"class_list":["post-3578","page","type-page","status-publish","hentry"],"uagb_featured_image_src":{"full":false,"thumbnail":false,"medium":false,"medium_large":false,"large":false,"gs-tiny":false,"xl":false,"xxl":false,"xxxl":false,"xxxxl":false,"xxxxxl":false,"1536x1536":false,"2048x2048":false},"uagb_author_info":{"display_name":"COEINF","author_link":"https:\/\/enginyeriainformatica.cat\/dones-coeinf\/author\/coeinf\/"},"uagb_comment_info":0,"uagb_excerpt":"Campanya VullSERdonesCOEINF pel Dia Internacional de la Dona i la Nena a la Ci\u00e8ncia 2021 VullSERdonesCOEINF Tens un M\u00e0ster Oficial en Enginyeria Inform\u00e0tica? Ets dona? Aquesta campanya \u00e9s per a TU&#8230; Som tan poquetes, en un m\u00f3n que esdev\u00e9 digital imparablement&#8230;.. Amb motiu del Dia Internacional de la Dona i la Nena a la Ci\u00e8ncia,&hellip;","_links":{"self":[{"href":"https:\/\/enginyeriainformatica.cat\/dones-coeinf\/wp-json\/wp\/v2\/pages\/3578","targetHints":{"allow":["GET"]}}],"collection":[{"href":"https:\/\/enginyeriainformatica.cat\/dones-coeinf\/wp-json\/wp\/v2\/pages"}],"about":[{"href":"https:\/\/enginyeriainformatica.cat\/dones-coeinf\/wp-json\/wp\/v2\/types\/page"}],"author":[{"embeddable":true,"href":"https:\/\/enginyeriainformatica.cat\/dones-coeinf\/wp-json\/wp\/v2\/users\/1"}],"replies":[{"embeddable":true,"href":"https:\/\/enginyeriainformatica.cat\/dones-coeinf\/wp-json\/wp\/v2\/comments?post=3578"}],"version-history":[{"count":11,"href":"https:\/\/enginyeriainformatica.cat\/dones-coeinf\/wp-json\/wp\/v2\/pages\/3578\/revisions"}],"predecessor-version":[{"id":3616,"href":"https:\/\/enginyeriainformatica.cat\/dones-coeinf\/wp-json\/wp\/v2\/pages\/3578\/revisions\/3616"}],"wp:attachment":[{"href":"https:\/\/enginyeriainformatica.cat\/dones-coeinf\/wp-json\/wp\/v2\/media?parent=3578"}],"curies":[{"name":"wp","href":"https:\/\/api.w.org\/{rel}","templated":true}]}}