{"id":3641,"date":"2025-09-08T10:42:53","date_gmt":"2025-09-08T08:42:53","guid":{"rendered":"https:\/\/enginyeriainformatica.cat\/dones-coeinf\/?page_id=3641"},"modified":"2025-09-09T08:47:21","modified_gmt":"2025-09-09T06:47:21","slug":"bibliosteam","status":"publish","type":"page","link":"https:\/\/enginyeriainformatica.cat\/dones-coeinf\/bibliosteam\/","title":{"rendered":"BiblioSTEAM"},"content":{"rendered":"\n<h3 class=\"wp-block-heading has-ast-global-color-0-color has-text-color has-link-color wp-elements-277c255291d8e2fad231167949aeb176\">Una confer\u00e8ncia sobre intel\u00b7lig\u00e8ncia artificial omple la Biblioteca de l&#8217;Escala<\/h3>\n\n\n\n<p class=\"has-link-color wp-elements-6eff322367e81bcdd11abd5c75746c0a\"><strong>La Biblioteca V\u00edctor Catal\u00e0<\/strong> ha acollit, aquest dimecres a la tarda, una confer\u00e8ncia sobre intel\u00b7lig\u00e8ncia artificial. Una cinquantena de persones han seguit la trobada, que ha impulsat la Diputaci\u00f3 de Girona, <strong>a trav\u00e9s del programa Bibliostream<\/strong>, amb l&#8217;objectiu de fomentar el coneixement cient\u00edfic i tecnol\u00f2gic entre la poblaci\u00f3.<\/p>\n\n\n\n<blockquote class=\"wp-block-quote is-layout-flow wp-block-quote-is-layout-flow\">\n<p class=\"has-link-color wp-elements-9b66bd3becd9ff93d3195c6a98458b8c\"><a href=\"https:\/\/www.canal10.cat\/video\/26052-una-conferencia-sobre-intelligencia-artificial-omple-la-biblioteca-de-lescala\"><strong>Llegeix m\u00e9s sobre BiblioSTEAM i aquesta confer\u00e8ncia aqu\u00ed<\/strong><\/a><\/p>\n<\/blockquote>\n\n\n\n<p><strong>Karina<\/strong> <strong>Gibert<\/strong>, la nostra degana, participa en la iniciativa Bibliostream des de fa tres anys i ha impartit confer\u00e8ncies a les biblioteques de:<\/p>\n\n\n\n<ul class=\"wp-block-list has-link-color wp-elements-456d64cfd1a3354bf0824fb5b58f0e08\">\n<li>L&#8217;Escala<\/li>\n\n\n\n<li>Angl\u00e8s<\/li>\n\n\n\n<li>Llagostera<\/li>\n\n\n\n<li>Lloret de Mar<\/li>\n\n\n\n<li>Figueres<\/li>\n\n\n\n<li>La Bisbal d&#8217;Empord\u00e0<\/li>\n\n\n\n<li>Platja d&#8217;Aro<\/li>\n\n\n\n<li>Tossa de Mar<\/li>\n\n\n\n<li>Sarri\u00e0 de Ter<\/li>\n<\/ul>\n\n\n\n<figure class=\"wp-block-image\"><img decoding=\"async\" src=\"https:\/\/enginyeriainformatica.cat\/wp-content\/uploads\/2025\/02\/Captura-de-pantalla-2025-02-18-a-las-12.10.35.png\" alt=\"Captura De Pantalla 2025 02 18 A Las 12.10.35\" class=\"wp-image-39359\" title=\"BiblioSTEAM\"><\/figure>\n","protected":false},"excerpt":{"rendered":"<p>Una confer\u00e8ncia sobre intel\u00b7lig\u00e8ncia artificial omple la Biblioteca de l&#8217;Escala La Biblioteca V\u00edctor Catal\u00e0 ha acollit, aquest dimecres a la tarda, una confer\u00e8ncia sobre intel\u00b7lig\u00e8ncia artificial. Una cinquantena de persones han seguit la trobada, que ha impulsat la Diputaci\u00f3 de Girona, a trav\u00e9s del programa Bibliostream, amb l&#8217;objectiu de fomentar el coneixement cient\u00edfic i tecnol\u00f2gic [&hellip;]<\/p>\n","protected":false},"author":1,"featured_media":0,"parent":0,"menu_order":0,"comment_status":"closed","ping_status":"closed","template":"","meta":{"_uag_custom_page_level_css":"","site-sidebar-layout":"default","site-content-layout":"","ast-site-content-layout":"default","site-content-style":"default","site-sidebar-style":"default","ast-global-header-display":"","ast-banner-title-visibility":"","ast-main-header-display":"","ast-hfb-above-header-display":"","ast-hfb-below-header-display":"","ast-hfb-mobile-header-display":"","site-post-title":"disabled","ast-breadcrumbs-content":"","ast-featured-img":"","footer-sml-layout":"","ast-disable-related-posts":"","theme-transparent-header-meta":"","adv-header-id-meta":"","stick-header-meta":"","header-above-stick-meta":"","header-main-stick-meta":"","header-below-stick-meta":"","astra-migrate-meta-layouts":"set","ast-page-background-enabled":"default","ast-page-background-meta":{"desktop":{"background-color":"","background-image":"","background-repeat":"repeat","background-position":"center center","background-size":"auto","background-attachment":"scroll","background-type":"","background-media":"","overlay-type":"","overlay-color":"","overlay-opacity":"","overlay-gradient":""},"tablet":{"background-color":"","background-image":"","background-repeat":"repeat","background-position":"center center","background-size":"auto","background-attachment":"scroll","background-type":"","background-media":"","overlay-type":"","overlay-color":"","overlay-opacity":"","overlay-gradient":""},"mobile":{"background-color":"","background-image":"","background-repeat":"repeat","background-position":"center center","background-size":"auto","background-attachment":"scroll","background-type":"","background-media":"","overlay-type":"","overlay-color":"","overlay-opacity":"","overlay-gradient":""}},"ast-content-background-meta":{"desktop":{"background-color":"var(--ast-global-color-5)","background-image":"","background-repeat":"repeat","background-position":"center center","background-size":"auto","background-attachment":"scroll","background-type":"","background-media":"","overlay-type":"","overlay-color":"","overlay-opacity":"","overlay-gradient":""},"tablet":{"background-color":"var(--ast-global-color-5)","background-image":"","background-repeat":"repeat","background-position":"center center","background-size":"auto","background-attachment":"scroll","background-type":"","background-media":"","overlay-type":"","overlay-color":"","overlay-opacity":"","overlay-gradient":""},"mobile":{"background-color":"var(--ast-global-color-5)","background-image":"","background-repeat":"repeat","background-position":"center center","background-size":"auto","background-attachment":"scroll","background-type":"","background-media":"","overlay-type":"","overlay-color":"","overlay-opacity":"","overlay-gradient":""}},"footnotes":""},"class_list":["post-3641","page","type-page","status-publish","hentry"],"uagb_featured_image_src":{"full":false,"thumbnail":false,"medium":false,"medium_large":false,"large":false,"gs-tiny":false,"xl":false,"xxl":false,"xxxl":false,"xxxxl":false,"xxxxxl":false,"1536x1536":false,"2048x2048":false},"uagb_author_info":{"display_name":"COEINF","author_link":"https:\/\/enginyeriainformatica.cat\/dones-coeinf\/author\/coeinf\/"},"uagb_comment_info":0,"uagb_excerpt":"Una confer\u00e8ncia sobre intel\u00b7lig\u00e8ncia artificial omple la Biblioteca de l&#8217;Escala La Biblioteca V\u00edctor Catal\u00e0 ha acollit, aquest dimecres a la tarda, una confer\u00e8ncia sobre intel\u00b7lig\u00e8ncia artificial. Una cinquantena de persones han seguit la trobada, que ha impulsat la Diputaci\u00f3 de Girona, a trav\u00e9s del programa Bibliostream, amb l&#8217;objectiu de fomentar el coneixement cient\u00edfic i tecnol\u00f2gic&hellip;","_links":{"self":[{"href":"https:\/\/enginyeriainformatica.cat\/dones-coeinf\/wp-json\/wp\/v2\/pages\/3641","targetHints":{"allow":["GET"]}}],"collection":[{"href":"https:\/\/enginyeriainformatica.cat\/dones-coeinf\/wp-json\/wp\/v2\/pages"}],"about":[{"href":"https:\/\/enginyeriainformatica.cat\/dones-coeinf\/wp-json\/wp\/v2\/types\/page"}],"author":[{"embeddable":true,"href":"https:\/\/enginyeriainformatica.cat\/dones-coeinf\/wp-json\/wp\/v2\/users\/1"}],"replies":[{"embeddable":true,"href":"https:\/\/enginyeriainformatica.cat\/dones-coeinf\/wp-json\/wp\/v2\/comments?post=3641"}],"version-history":[{"count":3,"href":"https:\/\/enginyeriainformatica.cat\/dones-coeinf\/wp-json\/wp\/v2\/pages\/3641\/revisions"}],"predecessor-version":[{"id":3700,"href":"https:\/\/enginyeriainformatica.cat\/dones-coeinf\/wp-json\/wp\/v2\/pages\/3641\/revisions\/3700"}],"wp:attachment":[{"href":"https:\/\/enginyeriainformatica.cat\/dones-coeinf\/wp-json\/wp\/v2\/media?parent=3641"}],"curies":[{"name":"wp","href":"https:\/\/api.w.org\/{rel}","templated":true}]}}