{"id":3661,"date":"2025-09-08T11:27:03","date_gmt":"2025-09-08T09:27:03","guid":{"rendered":"https:\/\/enginyeriainformatica.cat\/dones-coeinf\/?page_id=3661"},"modified":"2025-11-30T23:59:10","modified_gmt":"2025-11-30T21:59:10","slug":"preinf","status":"publish","type":"page","link":"https:\/\/enginyeriainformatica.cat\/dones-coeinf\/preinf\/","title":{"rendered":"PrEInF"},"content":{"rendered":"\n<h3 class=\"wp-block-heading has-ast-global-color-0-color has-text-color has-link-color wp-elements-002c0009ab7f9506ce6e16a266bd65d5\">PrEInF: Portal de Promoci\u00f3 de l&#8217;Enginyeria Inform\u00e0tica en Femen\u00ed<\/h3>\n\n\n\n<figure class=\"wp-block-image aligncenter size-full is-resized\"><img loading=\"lazy\" decoding=\"async\" width=\"300\" height=\"200\" src=\"https:\/\/enginyeriainformatica.cat\/dones-coeinf\/wp-content\/uploads\/2025\/08\/logo-2.png\" alt=\"logo\" class=\"wp-image-2132\" style=\"width:591px;height:auto\" title=\"PrEInF\" srcset=\"https:\/\/enginyeriainformatica.cat\/dones-coeinf\/wp-content\/uploads\/2025\/08\/logo-2.png 300w, https:\/\/enginyeriainformatica.cat\/dones-coeinf\/wp-content\/uploads\/2025\/08\/logo-2-50x33.png 50w\" sizes=\"auto, (max-width: 300px) 100vw, 300px\" \/><\/figure>\n\n\n\n<p class=\"has-link-color wp-elements-0c8130ba4fd2d16b4c74df081c9ca5d9\">PrEInF \u00e9s una iniciativa de la comissi\u00f3 <a href=\"http:\/\/dones.coeinf.cat\"><strong>donesCOEINF<\/strong><\/a>, la comissi\u00f3 de g\u00e8nere del Col.legi Oficial d&#8217;Enginyeria Inform\u00e0tica de Catalunya, que estrenem amb motiu del Dia Internacional de la Nena i les TIC 2020.<\/p>\n\n\n\n<p class=\"has-link-color wp-elements-7dfaa104f3c0d40ddf5672c58d6d0194\">En aquest portal recollim testimonis d&#8217;enginyeres inform\u00e0tiques que comparteixen com viuen la professi\u00f3, amb la voluntat d&#8217;inspirar vocacions femenines i engrescar a les futures<\/p>\n\n\n\n<p class=\"has-link-color wp-elements-e9edd86210ec33c9ac204bb0f19c8b83\">professionals de l&#8217;enginyeria inform\u00e0tica,&nbsp; que s&#8217;est\u00e0 configurant com un sector nuclear per al funcionament de la societat del segle XXI.<\/p>\n\n\n\n<p class=\"has-link-color wp-elements-4c037260e816c76b88d41b6bdf3212eb\">M\u00e9s de 20 v\u00eddeos a la teva disposici\u00f3, protagonitzats per enginyeres inform\u00e0tiques d&#8217;arreu de Catalunya que cobreixen un ampli espectre en l&#8217;exercici de la professi\u00f3: professores, investigadores, professionals, directives, analistes, desenvolupadores de software, dissenyadores, funcion\u00e0ries de l&#8217;administraci\u00f3 p\u00fablica&#8230;.<\/p>\n\n\n\n<p class=\"has-link-color wp-elements-ed5bb0720644ce5266d739e1dfe5613b\"><em>Clica les c\u00e0psules<\/em>, maximitza la pantalla&nbsp; i descobreix m\u00e9s de les protagonistes que fan feines d&#8217;all\u00f2 m\u00e9s interessants. Ja veur\u00e0s!<\/p>\n\n\n\n<p class=\"has-ast-global-color-8-color has-text-color has-link-color wp-elements-4b7a0635e09894ed9695954792b6f61b\">Com a complement al PrEInf el 8 de&nbsp; mar\u00e7 de 2022 donesCOEINF estrena el portal&nbsp;&nbsp; #fetXdonaTIC on visibilitza totes les formes diferents i engrescadores d&#8217;exercir la professi\u00f3 de la m\u00e0 de 7 professionals dones de casa nostra. No t&#8217;ho perdis! <a href=\"http:\/\/enginyeriainformatica.cat\/fetXdonaTIC\"><strong>portal #fetXdonaTIC<\/strong><\/a><\/p>\n\n\n\n<h4 class=\"wp-block-heading has-ast-global-color-0-color has-text-color has-link-color wp-elements-35cfa1bac95018b0f1a8fcfba21c6410\"><strong>Managers i directives<\/strong><\/h4>\n\n\n\n<figure class=\"wp-block-table is-style-stripes\"><table class=\"has-ast-global-color-7-background-color has-background has-fixed-layout\"><tbody><tr><td><div style=\"width: 260px;\" class=\"wp-video\"><video class=\"wp-video-shortcode\" id=\"video-3661-1\" width=\"260\" height=\"139\" preload=\"metadata\" controls=\"controls\"><source type=\"video\/mp4\" src=\"http:\/\/www-eio.upc.edu\/~karina\/media\/PrEInF\/ConxiPerez30MB.mp4?_=1\" \/><a href=\"http:\/\/www-eio.upc.edu\/~karina\/media\/PrEInF\/ConxiPerez30MB.mp4\">http:\/\/www-eio.upc.edu\/~karina\/media\/PrEInF\/ConxiPerez30MB.mp4<\/a><\/video><\/div> Conxi P\u00e9rez<\/td><td><div style=\"width: 260px;\" class=\"wp-video\"><video class=\"wp-video-shortcode\" id=\"video-3661-2\" width=\"260\" height=\"139\" preload=\"metadata\" controls=\"controls\"><source type=\"video\/mp4\" src=\"http:\/\/www-eio.upc.edu\/~karina\/media\/PrEInF\/HelenaBolta.mp4?_=2\" \/><a href=\"http:\/\/www-eio.upc.edu\/~karina\/media\/PrEInF\/HelenaBolta.mp4\">http:\/\/www-eio.upc.edu\/~karina\/media\/PrEInF\/HelenaBolta.mp4<\/a><\/video><\/div> Helena Bolt\u00e0<\/td><\/tr><tr><td><div style=\"width: 260px;\" class=\"wp-video\"><video class=\"wp-video-shortcode\" id=\"video-3661-3\" width=\"260\" height=\"139\" preload=\"metadata\" controls=\"controls\"><source type=\"video\/mp4\" src=\"http:\/\/www-eio.upc.edu\/~karina\/media\/PrEInF\/CarmePineda30MB.mp4?_=3\" \/><a href=\"http:\/\/www-eio.upc.edu\/~karina\/media\/PrEInF\/CarmePineda30MB.mp4\">http:\/\/www-eio.upc.edu\/~karina\/media\/PrEInF\/CarmePineda30MB.mp4<\/a><\/video><\/div> CarmePineda<\/td><td><div style=\"width: 260px;\" class=\"wp-video\"><video class=\"wp-video-shortcode\" id=\"video-3661-4\" width=\"260\" height=\"139\" preload=\"metadata\" controls=\"controls\"><source type=\"video\/mp4\" src=\"http:\/\/www-eio.upc.edu\/~karina\/media\/PrEInF\/CristinaCan\u0303ero.mp4?_=4\" \/><a href=\"http:\/\/www-eio.upc.edu\/~karina\/media\/PrEInF\/CristinaCan\u0303ero.mp4\">http:\/\/www-eio.upc.edu\/~karina\/media\/PrEInF\/CristinaCan\u0303ero.mp4<\/a><\/video><\/div> Cristina Ca\u00f1ero<\/td><\/tr><\/tbody><\/table><\/figure>\n\n\n\n<h4 class=\"wp-block-heading has-ast-global-color-0-color has-text-color has-link-color wp-elements-8d35c404d14132297af26832ef2d69eb\"><strong>Desenvolupament de software<\/strong><\/h4>\n\n\n\n<figure class=\"wp-block-table is-style-stripes\"><table class=\"has-ast-global-color-7-background-color has-background has-fixed-layout\"><tbody><tr><td><div style=\"width: 260px;\" class=\"wp-video\"><video class=\"wp-video-shortcode\" id=\"video-3661-5\" width=\"260\" height=\"139\" preload=\"metadata\" controls=\"controls\"><source type=\"video\/mp4\" src=\"http:\/\/www-eio.upc.edu\/~karina\/media\/PrEInF\/BalbinaVirgili.mp4?_=5\" \/><a href=\"http:\/\/www-eio.upc.edu\/~karina\/media\/PrEInF\/BalbinaVirgili.mp4\">http:\/\/www-eio.upc.edu\/~karina\/media\/PrEInF\/BalbinaVirgili.mp4<\/a><\/video><\/div> Balbina Virgili<\/td><td><div style=\"width: 260px;\" class=\"wp-video\"><video class=\"wp-video-shortcode\" id=\"video-3661-6\" width=\"260\" height=\"139\" preload=\"metadata\" controls=\"controls\"><source type=\"video\/mp4\" src=\"http:\/\/www-eio.upc.edu\/~karina\/media\/PrEInF\/CoralVila.mp4?_=6\" \/><a href=\"http:\/\/www-eio.upc.edu\/~karina\/media\/PrEInF\/CoralVila.mp4\">http:\/\/www-eio.upc.edu\/~karina\/media\/PrEInF\/CoralVila.mp4<\/a><\/video><\/div> Coral Vila<\/td><\/tr><tr><td><div style=\"width: 260px;\" class=\"wp-video\"><video class=\"wp-video-shortcode\" id=\"video-3661-7\" width=\"260\" height=\"139\" preload=\"metadata\" controls=\"controls\"><source type=\"video\/mp4\" src=\"http:\/\/www-eio.upc.edu\/~karina\/media\/PrEInF\/AlbaLamas30MB.mp4?_=7\" \/><a href=\"http:\/\/www-eio.upc.edu\/~karina\/media\/PrEInF\/AlbaLamas30MB.mp4\">http:\/\/www-eio.upc.edu\/~karina\/media\/PrEInF\/AlbaLamas30MB.mp4<\/a><\/video><\/div> Alba Lamas<\/td><td><div style=\"width: 260px;\" class=\"wp-video\"><video class=\"wp-video-shortcode\" id=\"video-3661-8\" width=\"260\" height=\"139\" preload=\"metadata\" controls=\"controls\"><source type=\"video\/mp4\" src=\"http:\/\/www-eio.upc.edu\/~karina\/media\/PrEInF\/SilviaSanroma.mp4?_=8\" \/><a href=\"http:\/\/www-eio.upc.edu\/~karina\/media\/PrEInF\/SilviaSanroma.mp4\">http:\/\/www-eio.upc.edu\/~karina\/media\/PrEInF\/SilviaSanroma.mp4<\/a><\/video><\/div> &nbsp;Silvia Sanrom\u00e0<\/td><\/tr><\/tbody><\/table><\/figure>\n\n\n\n<h4 class=\"wp-block-heading has-ast-global-color-0-color has-text-color has-link-color wp-elements-6c6efa7a2f7bc941809aa4fad4fd3665\"><strong>Enginyeres i administradores de sistemes<\/strong><\/h4>\n\n\n\n<figure class=\"wp-block-table is-style-stripes\"><table class=\"has-ast-global-color-7-background-color has-background has-fixed-layout\"><tbody><tr><td><div style=\"width: 260px;\" class=\"wp-video\"><video class=\"wp-video-shortcode\" id=\"video-3661-9\" width=\"260\" height=\"139\" preload=\"metadata\" controls=\"controls\"><source type=\"video\/mp4\" src=\"http:\/\/www-eio.upc.edu\/~karina\/media\/PrEInF\/PilarOller.mp4?_=9\" \/><a href=\"http:\/\/www-eio.upc.edu\/~karina\/media\/PrEInF\/PilarOller.mp4\">http:\/\/www-eio.upc.edu\/~karina\/media\/PrEInF\/PilarOller.mp4<\/a><\/video><\/div> Pilar Oller<\/td><td><div style=\"width: 260px;\" class=\"wp-video\"><video class=\"wp-video-shortcode\" id=\"video-3661-10\" width=\"260\" height=\"139\" preload=\"metadata\" controls=\"controls\"><source type=\"video\/mp4\" src=\"http:\/\/www-eio.upc.edu\/~karina\/media\/PrEInF\/BertaViader.mp4?_=10\" \/><a href=\"http:\/\/www-eio.upc.edu\/~karina\/media\/PrEInF\/BertaViader.mp4\">http:\/\/www-eio.upc.edu\/~karina\/media\/PrEInF\/BertaViader.mp4<\/a><\/video><\/div> Berta Viader<\/td><\/tr><\/tbody><\/table><\/figure>\n\n\n\n<h4 class=\"wp-block-heading has-ast-global-color-0-color has-text-color has-link-color wp-elements-540179d03a01ce1539818b173f0bc33f\"><strong>Universitats (Recerca i Doc\u00e8ncia)<\/strong><\/h4>\n\n\n\n<figure class=\"wp-block-table is-style-stripes\"><table class=\"has-ast-global-color-7-background-color has-background has-fixed-layout\"><tbody><tr><td><div style=\"width: 260px;\" class=\"wp-video\"><video class=\"wp-video-shortcode\" id=\"video-3661-11\" width=\"260\" height=\"139\" preload=\"metadata\" controls=\"controls\"><source type=\"video\/mp4\" src=\"http:\/\/www-eio.upc.edu\/~karina\/media\/PrEInF\/KarinaGibert20MBv2.mp4?_=11\" \/><a href=\"http:\/\/www-eio.upc.edu\/~karina\/media\/PrEInF\/KarinaGibert20MBv2.mp4\">http:\/\/www-eio.upc.edu\/~karina\/media\/PrEInF\/KarinaGibert20MBv2.mp4<\/a><\/video><\/div> Karina Gibert<\/td><td><div style=\"width: 260px;\" class=\"wp-video\"><video class=\"wp-video-shortcode\" id=\"video-3661-12\" width=\"260\" height=\"139\" preload=\"metadata\" controls=\"controls\"><source type=\"video\/mp4\" src=\"http:\/\/www-eio.upc.edu\/~karina\/media\/PrEInF\/AidaValls30MBv2.mp4?_=12\" \/><a href=\"http:\/\/www-eio.upc.edu\/~karina\/media\/PrEInF\/AidaValls30MBv2.mp4\">http:\/\/www-eio.upc.edu\/~karina\/media\/PrEInF\/AidaValls30MBv2.mp4<\/a><\/video><\/div> A\u00efda Valls<\/td><\/tr><\/tbody><\/table><\/figure>\n\n\n\n<h4 class=\"wp-block-heading has-ast-global-color-0-color has-text-color has-link-color wp-elements-10ef78a6d28c5a2d9bf2cc320cdbacf6\"><strong>Investigadores<\/strong><\/h4>\n\n\n\n<figure class=\"wp-block-table is-style-stripes\"><table class=\"has-ast-global-color-7-background-color has-background has-fixed-layout\"><tbody><tr><td><div style=\"width: 260px;\" class=\"wp-video\"><video class=\"wp-video-shortcode\" id=\"video-3661-13\" width=\"260\" height=\"139\" preload=\"metadata\" controls=\"controls\"><source type=\"video\/mp4\" src=\"http:\/\/www-eio.upc.edu\/~karina\/media\/PrEInF\/AtiaCortes.mp4?_=13\" \/><a href=\"http:\/\/www-eio.upc.edu\/~karina\/media\/PrEInF\/AtiaCortes.mp4\">http:\/\/www-eio.upc.edu\/~karina\/media\/PrEInF\/AtiaCortes.mp4<\/a><\/video><\/div> Atia Cort\u00e9s<\/td><td><div style=\"width: 260px;\" class=\"wp-video\"><video class=\"wp-video-shortcode\" id=\"video-3661-14\" width=\"260\" height=\"139\" preload=\"metadata\" controls=\"controls\"><source type=\"video\/mp4\" src=\"http:\/\/www-eio.upc.edu\/~karina\/media\/PrEInF\/BeatrizSevilla30MB.mp4?_=14\" \/><a href=\"http:\/\/www-eio.upc.edu\/~karina\/media\/PrEInF\/BeatrizSevilla30MB.mp4\">http:\/\/www-eio.upc.edu\/~karina\/media\/PrEInF\/BeatrizSevilla30MB.mp4<\/a><\/video><\/div> Beatriz Sevilla<\/td><\/tr><tr><td><div style=\"width: 260px;\" class=\"wp-video\"><video class=\"wp-video-shortcode\" id=\"video-3661-15\" width=\"260\" height=\"139\" preload=\"metadata\" controls=\"controls\"><source type=\"video\/mp4\" src=\"http:\/\/www-eio.upc.edu\/~karina\/media\/PrEInF\/MarinaRamon.mp4?_=15\" \/><a href=\"http:\/\/www-eio.upc.edu\/~karina\/media\/PrEInF\/MarinaRamon.mp4\">http:\/\/www-eio.upc.edu\/~karina\/media\/PrEInF\/MarinaRamon.mp4<\/a><\/video><\/div> Marina Ramon<\/td><td><div style=\"width: 260px;\" class=\"wp-video\"><video class=\"wp-video-shortcode\" id=\"video-3661-16\" width=\"260\" height=\"139\" preload=\"metadata\" controls=\"controls\"><source type=\"video\/mp4\" src=\"http:\/\/www-eio.upc.edu\/~karina\/media\/PrEInF\/CarlaDivi.mp4?_=16\" \/><a href=\"http:\/\/www-eio.upc.edu\/~karina\/media\/PrEInF\/CarlaDivi.mp4\">http:\/\/www-eio.upc.edu\/~karina\/media\/PrEInF\/CarlaDivi.mp4<\/a><\/video><\/div> Carla Div\u00ed<\/td><\/tr><\/tbody><\/table><\/figure>\n\n\n\n<h4 class=\"wp-block-heading has-ast-global-color-0-color has-text-color has-link-color wp-elements-2e664f7f8c161c9315edddd202a9727c\"><strong>Les Creatives<\/strong><\/h4>\n\n\n\n<figure class=\"wp-block-table is-style-stripes\"><table class=\"has-ast-global-color-7-background-color has-background has-fixed-layout\"><tbody><tr><td><div style=\"width: 260px;\" class=\"wp-video\"><video class=\"wp-video-shortcode\" id=\"video-3661-17\" width=\"260\" height=\"139\" preload=\"metadata\" controls=\"controls\"><source type=\"video\/mp4\" src=\"http:\/\/www-eio.upc.edu\/~karina\/media\/PrEInF\/AliciaVazquez.mp4?_=17\" \/><a href=\"http:\/\/www-eio.upc.edu\/~karina\/media\/PrEInF\/AliciaVazquez.mp4\">http:\/\/www-eio.upc.edu\/~karina\/media\/PrEInF\/AliciaVazquez.mp4<\/a><\/video><\/div> Alicia V\u00e1zquez<\/td><td><div style=\"width: 260px;\" class=\"wp-video\"><video class=\"wp-video-shortcode\" id=\"video-3661-18\" width=\"260\" height=\"139\" preload=\"metadata\" controls=\"controls\"><source type=\"video\/mp4\" src=\"http:\/\/www-eio.upc.edu\/~karina\/media\/PrEInF\/FlorTarditti.mp4?_=18\" \/><a href=\"http:\/\/www-eio.upc.edu\/~karina\/media\/PrEInF\/FlorTarditti.mp4\">http:\/\/www-eio.upc.edu\/~karina\/media\/PrEInF\/FlorTarditti.mp4<\/a><\/video><\/div> Florencia Tarditti<\/td><\/tr><\/tbody><\/table><\/figure>\n\n\n\n<h4 class=\"wp-block-heading has-ast-global-color-0-color has-text-color has-link-color wp-elements-cf9065f8eadd97a5797cf334d50b7454\"><strong>Consultores i Analistes<\/strong><\/h4>\n\n\n\n<figure class=\"wp-block-table is-style-stripes\"><table class=\"has-ast-global-color-7-background-color has-background has-fixed-layout\"><tbody><tr><td><div style=\"width: 260px;\" class=\"wp-video\"><video class=\"wp-video-shortcode\" id=\"video-3661-19\" width=\"260\" height=\"139\" preload=\"metadata\" controls=\"controls\"><source type=\"video\/mp4\" src=\"http:\/\/www-eio.upc.edu\/~karina\/media\/PrEInF\/MariaPalacios.mp4?_=19\" \/><a href=\"http:\/\/www-eio.upc.edu\/~karina\/media\/PrEInF\/MariaPalacios.mp4\">http:\/\/www-eio.upc.edu\/~karina\/media\/PrEInF\/MariaPalacios.mp4<\/a><\/video><\/div> Maria Palacios<\/td><td><div style=\"width: 260px;\" class=\"wp-video\"><video class=\"wp-video-shortcode\" id=\"video-3661-20\" width=\"260\" height=\"139\" preload=\"metadata\" controls=\"controls\"><source type=\"video\/mp4\" src=\"http:\/\/www-eio.upc.edu\/~karina\/media\/PrEInF\/LauraCarrio.mp4?_=20\" \/><a href=\"http:\/\/www-eio.upc.edu\/~karina\/media\/PrEInF\/LauraCarrio.mp4\">http:\/\/www-eio.upc.edu\/~karina\/media\/PrEInF\/LauraCarrio.mp4<\/a><\/video><\/div> Laura Carri\u00f3<\/td><\/tr><\/tbody><\/table><\/figure>\n\n\n\n<h4 class=\"wp-block-heading has-ast-global-color-0-color has-text-color has-link-color wp-elements-ab8396e16f9c0159e6c51768d3dacd2d\"><strong>Treballant pel govern<\/strong><\/h4>\n\n\n\n<figure class=\"wp-block-table is-style-stripes\"><table class=\"has-ast-global-color-7-background-color has-background has-fixed-layout\"><tbody><tr><td><img loading=\"lazy\" decoding=\"async\" src=\"https:\/\/enginyeriainformatica.cat\/wp-content\/uploads\/2019\/12\/logo-donaCOEINF-base-Comissi\u00f3-de-g\u00e8nere-donesCOEINF-scaled.png\" width=\"178\" height=\"137\" alt=\"Logo DonaCOEINF Base Comissi\u00f3 De G\u00e8nere DonesCOEINF Scaled\" title=\"PrEInF\"><\/td><td><div style=\"width: 260px;\" class=\"wp-video\"><video class=\"wp-video-shortcode\" id=\"video-3661-21\" width=\"260\" height=\"139\" preload=\"metadata\" controls=\"controls\"><source type=\"video\/mp4\" src=\"http:\/\/www-eio.upc.edu\/~karina\/media\/PrEInF\/AssumptaRocosa30MB.mp4?_=21\" \/><a href=\"http:\/\/www-eio.upc.edu\/~karina\/media\/PrEInF\/AssumptaRocosa30MB.mp4\">http:\/\/www-eio.upc.edu\/~karina\/media\/PrEInF\/AssumptaRocosa30MB.mp4<\/a><\/video><\/div> Assumpta Rocosa<\/td><\/tr><\/tbody><\/table><\/figure>\n\n\n\n<p>A la web de donesCOEINF (<a href=\"http:\/\/dones.coeinf.cat\">dones.coeinf.cat<\/a>) hi trobar\u00e0s documentaci\u00f3 sobre la manca de noies en el sector de l&#8217;enginyeria inform\u00e0tica, l&#8217;escletxa de g\u00e8nere, la necessitat de m\u00e9s professionals en aquest camp i enlla\u00e7os a activitats rellevant per reduir l&#8217;escletxa de g\u00e8nere, i tamb\u00e9 et podr\u00e0s inscriure per rebre informaci\u00f3 o fins i tot col.laborar en aquesta causa.<\/p>\n\n\n\n<p>Aquesta iniciativa \u00e9s complement\u00e0ria i coordinada amb la campanya de la ITScool i els departaments de Pol\u00edtiques Digitals i Ensenyament de la Generalitat de Catalunya&nbsp; de promoci\u00f3 de les professions TIC en el <strong>Dia Internacional de les Nenes en les TIC de 2020<\/strong>, que ha posat una selecci\u00f3 d&#8217;aquests v\u00eddeos a disposici\u00f3 del professorat d&#8217;ESO i Batxillerat per a que puguin treballar les vocacions TIC amb l&#8217;alumnat, amb una proposta d&#8217;activitats acad\u00e8miques associades a l&#8217;estudi d&#8217;aquests perfils. DonesCOEINF felicita aquesta iniciativa que de ben segur contribu\u00efr\u00e0 a impulsar l&#8217;inter\u00e8s de les noies per les professions TIC, que actualment presenten gran mancan\u00e7a de professionals femenines.<\/p>\n\n\n\n<h4 class=\"wp-block-heading has-ast-global-color-0-color has-text-color has-link-color wp-elements-e5bcb467c8da2568bddaaef2e1c33772\"><strong>Estudiants!<\/strong><\/h4>\n\n\n\n<p class=\"has-link-color wp-elements-88d6f755c576214ae7250142b26c0d2e\">Trobareu tots els detalls d&#8217;aquest preci\u00f3s projecte de la ITSchool-Gencat en aquest link: <a href=\"https:\/\/projectes.xtec.cat\/joemquedoacasa\/dones-enginyeres\/\">https:\/\/projectes.xtec.cat\/joemquedoacasa\/dones-enginyeres\/<\/a> .&nbsp; Anima&#8217;t i<strong> PARTICIPA-HI!&nbsp;<\/strong><\/p>\n\n\n\n<blockquote class=\"wp-block-quote is-layout-flow wp-block-quote-is-layout-flow\">\n<p class=\"has-ast-global-color-0-color has-text-color has-link-color wp-elements-27d93c51f3495ffc5b287e3db9be1d5e\"><em><strong>El sector inform\u00e0tic necessita molts m\u00e9s professionals dels que t\u00e9, hi ha lloc per t\u00fa, segur!<\/strong><\/em><\/p>\n<\/blockquote>\n\n\n\n<h4 class=\"wp-block-heading has-ast-global-color-0-color has-text-color has-link-color wp-elements-becbf34246124ae94ab43c34e9b8e315\"><strong>Enginyeres inform\u00e0tiques!<\/strong><\/h4>\n\n\n\n<p class=\"has-link-color wp-elements-f9b74ae60a900b0fde8d712b34a65d0a\">Som poquetes, ens agradaria que aquest fos un espai de trobada per totes. Aix\u00ed que\u2026..<\/p>\n\n\n\n<blockquote class=\"wp-block-quote is-layout-flow wp-block-quote-is-layout-flow\">\n<p class=\"has-ast-global-color-0-color has-text-color has-link-color wp-elements-b59bca3969f70442d632024fdde4cbe6\"><em><strong>Si ets enginyera inform\u00e0tica, en aquest portal hi ha lloc per tu!<\/strong><\/em><\/p>\n\n\n\n<p class=\"has-link-color wp-elements-d5548de96108fe4c418df4aec6012c7d\">Envia un mail a <strong>karina_gibert@enginyeriainformatica.cat<\/strong> amb c\u00f2pia a karina.gibert@upc.edu i t&#8217;enviarem les instruccions per fer el teu v\u00eddeo i afegir-te a la xarxa en les actualitzacions peri\u00f2diques del portal. <strong>ENXARXA&#8217;T!<\/strong><\/p>\n<\/blockquote>\n\n\n\n<p class=\"has-text-align-center has-ast-global-color-0-color has-text-color has-link-color wp-elements-55384da203dda464f4856c45e508cc32\">Utilitzeu el hashtag <strong>#mesdonesEInf<\/strong> per difondre aquesta iniciativa<\/p>\n\n\n\n<p class=\"has-link-color wp-elements-6746ff87ea23c838747f5461ccc099bb\"><strong>Nota:<\/strong> Un agra\u00efment profund de donesCOEINF al Sr. Joan Gil, i al Sr. Jordi Varela que han contribu\u00eft molt significativament a la preparaci\u00f3 i posicionament dels v\u00eddeos per la seva publicaci\u00f3 en aquest portal.<\/p>\n\n\n\n<figure class=\"wp-block-image aligncenter is-resized\"><img decoding=\"async\" src=\"https:\/\/enginyeriainformatica.cat\/wp-content\/uploads\/2020\/04\/Contraportada2.png\" alt=\"Contraportada2\" class=\"wp-image-32166\" style=\"width:960px;height:auto\" title=\"PrEInF\"><\/figure>\n\n\n\n<p><\/p>\n","protected":false},"excerpt":{"rendered":"<p>PrEInF: Portal de Promoci\u00f3 de l&#8217;Enginyeria Inform\u00e0tica en Femen\u00ed PrEInF \u00e9s una iniciativa de la comissi\u00f3 donesCOEINF, la comissi\u00f3 de g\u00e8nere del Col.legi Oficial d&#8217;Enginyeria Inform\u00e0tica de Catalunya, que estrenem amb motiu del Dia Internacional de la Nena i les TIC 2020. En aquest portal recollim testimonis d&#8217;enginyeres inform\u00e0tiques que comparteixen com viuen la professi\u00f3, [&hellip;]<\/p>\n","protected":false},"author":1,"featured_media":0,"parent":0,"menu_order":0,"comment_status":"closed","ping_status":"closed","template":"","meta":{"_uag_custom_page_level_css":"","site-sidebar-layout":"default","site-content-layout":"","ast-site-content-layout":"default","site-content-style":"default","site-sidebar-style":"default","ast-global-header-display":"","ast-banner-title-visibility":"","ast-main-header-display":"","ast-hfb-above-header-display":"","ast-hfb-below-header-display":"","ast-hfb-mobile-header-display":"","site-post-title":"disabled","ast-breadcrumbs-content":"","ast-featured-img":"","footer-sml-layout":"","ast-disable-related-posts":"","theme-transparent-header-meta":"","adv-header-id-meta":"","stick-header-meta":"","header-above-stick-meta":"","header-main-stick-meta":"","header-below-stick-meta":"","astra-migrate-meta-layouts":"set","ast-page-background-enabled":"default","ast-page-background-meta":{"desktop":{"background-color":"","background-image":"","background-repeat":"repeat","background-position":"center center","background-size":"auto","background-attachment":"scroll","background-type":"","background-media":"","overlay-type":"","overlay-color":"","overlay-opacity":"","overlay-gradient":""},"tablet":{"background-color":"","background-image":"","background-repeat":"repeat","background-position":"center center","background-size":"auto","background-attachment":"scroll","background-type":"","background-media":"","overlay-type":"","overlay-color":"","overlay-opacity":"","overlay-gradient":""},"mobile":{"background-color":"","background-image":"","background-repeat":"repeat","background-position":"center center","background-size":"auto","background-attachment":"scroll","background-type":"","background-media":"","overlay-type":"","overlay-color":"","overlay-opacity":"","overlay-gradient":""}},"ast-content-background-meta":{"desktop":{"background-color":"var(--ast-global-color-5)","background-image":"","background-repeat":"repeat","background-position":"center center","background-size":"auto","background-attachment":"scroll","background-type":"","background-media":"","overlay-type":"","overlay-color":"","overlay-opacity":"","overlay-gradient":""},"tablet":{"background-color":"var(--ast-global-color-5)","background-image":"","background-repeat":"repeat","background-position":"center center","background-size":"auto","background-attachment":"scroll","background-type":"","background-media":"","overlay-type":"","overlay-color":"","overlay-opacity":"","overlay-gradient":""},"mobile":{"background-color":"var(--ast-global-color-5)","background-image":"","background-repeat":"repeat","background-position":"center center","background-size":"auto","background-attachment":"scroll","background-type":"","background-media":"","overlay-type":"","overlay-color":"","overlay-opacity":"","overlay-gradient":""}},"footnotes":""},"class_list":["post-3661","page","type-page","status-publish","hentry"],"uagb_featured_image_src":{"full":false,"thumbnail":false,"medium":false,"medium_large":false,"large":false,"gs-tiny":false,"xl":false,"xxl":false,"xxxl":false,"xxxxl":false,"xxxxxl":false,"1536x1536":false,"2048x2048":false},"uagb_author_info":{"display_name":"COEINF","author_link":"https:\/\/enginyeriainformatica.cat\/dones-coeinf\/author\/coeinf\/"},"uagb_comment_info":0,"uagb_excerpt":"PrEInF: Portal de Promoci\u00f3 de l&#8217;Enginyeria Inform\u00e0tica en Femen\u00ed PrEInF \u00e9s una iniciativa de la comissi\u00f3 donesCOEINF, la comissi\u00f3 de g\u00e8nere del Col.legi Oficial d&#8217;Enginyeria Inform\u00e0tica de Catalunya, que estrenem amb motiu del Dia Internacional de la Nena i les TIC 2020. En aquest portal recollim testimonis d&#8217;enginyeres inform\u00e0tiques que comparteixen com viuen la professi\u00f3,&hellip;","_links":{"self":[{"href":"https:\/\/enginyeriainformatica.cat\/dones-coeinf\/wp-json\/wp\/v2\/pages\/3661","targetHints":{"allow":["GET"]}}],"collection":[{"href":"https:\/\/enginyeriainformatica.cat\/dones-coeinf\/wp-json\/wp\/v2\/pages"}],"about":[{"href":"https:\/\/enginyeriainformatica.cat\/dones-coeinf\/wp-json\/wp\/v2\/types\/page"}],"author":[{"embeddable":true,"href":"https:\/\/enginyeriainformatica.cat\/dones-coeinf\/wp-json\/wp\/v2\/users\/1"}],"replies":[{"embeddable":true,"href":"https:\/\/enginyeriainformatica.cat\/dones-coeinf\/wp-json\/wp\/v2\/comments?post=3661"}],"version-history":[{"count":9,"href":"https:\/\/enginyeriainformatica.cat\/dones-coeinf\/wp-json\/wp\/v2\/pages\/3661\/revisions"}],"predecessor-version":[{"id":6020,"href":"https:\/\/enginyeriainformatica.cat\/dones-coeinf\/wp-json\/wp\/v2\/pages\/3661\/revisions\/6020"}],"wp:attachment":[{"href":"https:\/\/enginyeriainformatica.cat\/dones-coeinf\/wp-json\/wp\/v2\/media?parent=3661"}],"curies":[{"name":"wp","href":"https:\/\/api.w.org\/{rel}","templated":true}]}}