{"id":3731,"date":"2025-09-09T09:24:15","date_gmt":"2025-09-09T07:24:15","guid":{"rendered":"https:\/\/enginyeriainformatica.cat\/dones-coeinf\/?page_id=3731"},"modified":"2025-09-09T09:24:15","modified_gmt":"2025-09-09T07:24:15","slug":"premisdonatic","status":"publish","type":"page","link":"https:\/\/enginyeriainformatica.cat\/dones-coeinf\/premisdonatic\/","title":{"rendered":"PremisDonaTIC"},"content":{"rendered":"\n<h3 class=\"wp-block-heading has-ast-global-color-0-color has-text-color has-link-color wp-elements-9f04152839f5a4a44cb91856c99d2828\">Un total de 85 candidatures opten a la sisena edici\u00f3 dels Premis DonaTIC<\/h3>\n\n\n\n<figure class=\"wp-block-image aligncenter\"><img decoding=\"async\" src=\"https:\/\/enginyeriainformatica.cat\/wp-content\/uploads\/2020\/09\/premis-dona-TIC.png\" alt=\"Premis Dona TIC\" class=\"wp-image-33159\" title=\"PremisDonaTIC\"><\/figure>\n\n\n\n<p>Un total de 85 candidatures optaran a la sisena edici\u00f3 dels Premis DonaTIC del Departament de Pol\u00edtiques Digitals, uns guardons que s\u2019han consolidat com a referent en el reconeixement i la divulgaci\u00f3 del paper i el talent de les dones en l\u2019\u00e0mbit tecnol\u00f2gic.<\/p>\n\n\n\n<!--more-->\n\n\n\n<p>La directora general de Societat Digital,&nbsp;<strong>Joana Barbany<\/strong>, s\u2019ha mostrat satisfeta perqu\u00e8 \u201c<strong>tenint en compte la situaci\u00f3 actual, en els dos mesos que ha estat oberta la convocat\u00f2ria hem rebut m\u00e9s de vuitanta candidatures, una xifra que confirma el talent tecnol\u00f2gic femen\u00ed que hi ha a Catalunya i que des del Departament de Pol\u00edtiques Digitals volem ajudar a visibilitzar i fer cr\u00e9ixer<\/strong>\u201d.<\/p>\n\n\n\n<p>Els premis DonaTIC 2020 tenen&nbsp;<strong>vuit categories<\/strong>&nbsp;que s\u00f3n excloents (cada candidata nom\u00e9s pot ser-ho d\u2019una categoria) i que s\u2019agrupen en tres \u00e0mbits:<strong>&nbsp;professional; acad\u00e8mic i de revelaci\u00f3, i de divulgaci\u00f3 i iniciatives referents<\/strong>.<\/p>\n\n\n\n<p>Les 85 candidatures presentades de l\u2019edici\u00f3 d\u2019enguany s\u2019han distribu\u00eft de la seg\u00fcent manera:<\/p>\n\n\n\n<ul class=\"wp-block-list\">\n<li>Emprenedora (fundadora o cofundadora d\u2019una empresa en actiu del sector de les TIC): 18 candidatures<\/li>\n\n\n\n<li>Empres\u00e0ria (ha d&#8217;haver consolidat una empresa que es dedica a l&#8217;\u00e0mbit de les TIC): 3 candidatures<\/li>\n\n\n\n<li>Professional (ha de treballar per a una empresa o organitzaci\u00f3 o ser \u201cfreelance\u201d dedicada a l\u2019\u00e0mbit de les TIC i ha d\u2019estar en possessi\u00f3 d\u2019una titulaci\u00f3 universit\u00e0ria TIC): 8 candidatures<\/li>\n\n\n\n<li>Acad\u00e8mica\/Investigadora (s\u2019ha de dedicar a la formaci\u00f3 i\/o recerca en l\u2019\u00e0mbit de les TIC i ha d\u2019estar en possessi\u00f3 d\u2019una titulaci\u00f3 universit\u00e0ria TIC): 11 candidatures<\/li>\n\n\n\n<li>Divulgadora (ha de treballar en l\u2019\u00e0mbit de la comunicaci\u00f3 vinculada a les TIC): 10 candidatures<\/li>\n\n\n\n<li>Revelaci\u00f3 (ha d\u2019haver tingut un paper rellevant i destacable en l\u2019\u00e0mbit de les TIC tot i tenir una traject\u00f2ria curta): 9 candidatures<\/li>\n\n\n\n<li>Estudiant TIC:<\/li>\n<\/ul>\n\n\n\n<p>Universit\u00e0ria: 10 candidatures<\/p>\n\n\n\n<p>Estudiant de cicle formatiu de FP de l\u2019\u00e0mbit TIC: 5 candidatures<\/p>\n\n\n\n<ul class=\"wp-block-list\">\n<li>Iniciatives referents (que hagi desenvolupat una iniciativa pr\u00f2pia que posi en valor el paper de la dona en l\u2019\u00e0mbit de les TIC):<\/li>\n<\/ul>\n\n\n\n<p>Empresarial: 3 candidatures<\/p>\n\n\n\n<p>Entitat, centre formatiu o instituci\u00f3: 8 candidatures<\/p>\n\n\n\n<p>Les candidatures presentades les avaluar\u00e0 un jurat integrat per professionals del sector tecnol\u00f2gic de reconegut prestigi, tant del m\u00f3n acad\u00e8mic, com empresarial, institucional i associatiu.<\/p>\n\n\n\n<p>Com a novetat, aquest any el jurat comptar\u00e0 amb un&nbsp;<strong>comit\u00e8 t\u00e8cnic i un comit\u00e8 d\u2019honor<\/strong>, amb funcions diferents. El comit\u00e8 t\u00e8cnic valorar\u00e0 les candidatures i en triar\u00e0 sis semifinalistes per a cadascuna de les categories, i el comit\u00e8 d\u2019honor seleccionar\u00e0 les tres candidatures finalistes i la guanyadora de cada categoria.<\/p>\n\n\n\n<p>El&nbsp;<strong>lliurament dels guardons dels Premis DonaTIC 2020<\/strong>&nbsp;es far\u00e0 coincidint amb el Dia d\u2019Ada Lovelace, el&nbsp;<strong>13 d\u2019octubre<\/strong>, en reconeixement a la que fou la primera programadora de la hist\u00f2ria.<\/p>\n\n\n\n<p>Organitzats pel Departament de Pol\u00edtiques Digitals amb la col\u00b7laboraci\u00f3 de l\u2019Institut Catal\u00e0 de les Dones, l\u2019Observatori Dona, Empresa i Economia de la Cambra de Comer\u00e7 de Barcelona i l\u2019associaci\u00f3 Tert\u00falia Digital, els Premis DonaTIC s\u2019inscriuen dins el Pla DonaTIC, el pla estrat\u00e8gic que impulsa el Departament de Pol\u00edtiques Digitals i Administraci\u00f3 P\u00fablica amb l\u2019objectiu prioritari d\u2019incrementar la pres\u00e8ncia femenina en el sector.<\/p>\n\n\n\n<p class=\"has-link-color wp-elements-208ac49d69927c46d2b562e7b9b8c071\"><a href=\"http:\/\/smartcatalonia.gencat.cat\/ca\/detalls\/noticia\/Un-total-de-85-candidatures-opten-a-la-sisena-edicio-dels-Premis-DonaTIC-00001\">SmartCatalonia<\/a><\/p>\n\n\n\n<p><\/p>\n","protected":false},"excerpt":{"rendered":"<p>Un total de 85 candidatures opten a la sisena edici\u00f3 dels Premis DonaTIC Un total de 85 candidatures optaran a la sisena edici\u00f3 dels Premis DonaTIC del Departament de Pol\u00edtiques Digitals, uns guardons que s\u2019han consolidat com a referent en el reconeixement i la divulgaci\u00f3 del paper i el talent de les dones en l\u2019\u00e0mbit [&hellip;]<\/p>\n","protected":false},"author":1,"featured_media":0,"parent":0,"menu_order":0,"comment_status":"closed","ping_status":"closed","template":"","meta":{"_uag_custom_page_level_css":"","site-sidebar-layout":"default","site-content-layout":"","ast-site-content-layout":"default","site-content-style":"default","site-sidebar-style":"default","ast-global-header-display":"","ast-banner-title-visibility":"","ast-main-header-display":"","ast-hfb-above-header-display":"","ast-hfb-below-header-display":"","ast-hfb-mobile-header-display":"","site-post-title":"disabled","ast-breadcrumbs-content":"","ast-featured-img":"","footer-sml-layout":"","ast-disable-related-posts":"","theme-transparent-header-meta":"","adv-header-id-meta":"","stick-header-meta":"","header-above-stick-meta":"","header-main-stick-meta":"","header-below-stick-meta":"","astra-migrate-meta-layouts":"set","ast-page-background-enabled":"default","ast-page-background-meta":{"desktop":{"background-color":"","background-image":"","background-repeat":"repeat","background-position":"center center","background-size":"auto","background-attachment":"scroll","background-type":"","background-media":"","overlay-type":"","overlay-color":"","overlay-opacity":"","overlay-gradient":""},"tablet":{"background-color":"","background-image":"","background-repeat":"repeat","background-position":"center center","background-size":"auto","background-attachment":"scroll","background-type":"","background-media":"","overlay-type":"","overlay-color":"","overlay-opacity":"","overlay-gradient":""},"mobile":{"background-color":"","background-image":"","background-repeat":"repeat","background-position":"center center","background-size":"auto","background-attachment":"scroll","background-type":"","background-media":"","overlay-type":"","overlay-color":"","overlay-opacity":"","overlay-gradient":""}},"ast-content-background-meta":{"desktop":{"background-color":"var(--ast-global-color-5)","background-image":"","background-repeat":"repeat","background-position":"center center","background-size":"auto","background-attachment":"scroll","background-type":"","background-media":"","overlay-type":"","overlay-color":"","overlay-opacity":"","overlay-gradient":""},"tablet":{"background-color":"var(--ast-global-color-5)","background-image":"","background-repeat":"repeat","background-position":"center center","background-size":"auto","background-attachment":"scroll","background-type":"","background-media":"","overlay-type":"","overlay-color":"","overlay-opacity":"","overlay-gradient":""},"mobile":{"background-color":"var(--ast-global-color-5)","background-image":"","background-repeat":"repeat","background-position":"center center","background-size":"auto","background-attachment":"scroll","background-type":"","background-media":"","overlay-type":"","overlay-color":"","overlay-opacity":"","overlay-gradient":""}},"footnotes":""},"class_list":["post-3731","page","type-page","status-publish","hentry"],"uagb_featured_image_src":{"full":false,"thumbnail":false,"medium":false,"medium_large":false,"large":false,"gs-tiny":false,"xl":false,"xxl":false,"xxxl":false,"xxxxl":false,"xxxxxl":false,"1536x1536":false,"2048x2048":false},"uagb_author_info":{"display_name":"COEINF","author_link":"https:\/\/enginyeriainformatica.cat\/dones-coeinf\/author\/coeinf\/"},"uagb_comment_info":0,"uagb_excerpt":"Un total de 85 candidatures opten a la sisena edici\u00f3 dels Premis DonaTIC Un total de 85 candidatures optaran a la sisena edici\u00f3 dels Premis DonaTIC del Departament de Pol\u00edtiques Digitals, uns guardons que s\u2019han consolidat com a referent en el reconeixement i la divulgaci\u00f3 del paper i el talent de les dones en l\u2019\u00e0mbit&hellip;","_links":{"self":[{"href":"https:\/\/enginyeriainformatica.cat\/dones-coeinf\/wp-json\/wp\/v2\/pages\/3731","targetHints":{"allow":["GET"]}}],"collection":[{"href":"https:\/\/enginyeriainformatica.cat\/dones-coeinf\/wp-json\/wp\/v2\/pages"}],"about":[{"href":"https:\/\/enginyeriainformatica.cat\/dones-coeinf\/wp-json\/wp\/v2\/types\/page"}],"author":[{"embeddable":true,"href":"https:\/\/enginyeriainformatica.cat\/dones-coeinf\/wp-json\/wp\/v2\/users\/1"}],"replies":[{"embeddable":true,"href":"https:\/\/enginyeriainformatica.cat\/dones-coeinf\/wp-json\/wp\/v2\/comments?post=3731"}],"version-history":[{"count":1,"href":"https:\/\/enginyeriainformatica.cat\/dones-coeinf\/wp-json\/wp\/v2\/pages\/3731\/revisions"}],"predecessor-version":[{"id":3732,"href":"https:\/\/enginyeriainformatica.cat\/dones-coeinf\/wp-json\/wp\/v2\/pages\/3731\/revisions\/3732"}],"wp:attachment":[{"href":"https:\/\/enginyeriainformatica.cat\/dones-coeinf\/wp-json\/wp\/v2\/media?parent=3731"}],"curies":[{"name":"wp","href":"https:\/\/api.w.org\/{rel}","templated":true}]}}